{"id":5739,"date":"2021-07-29T10:35:39","date_gmt":"2021-07-29T08:35:39","guid":{"rendered":"https:\/\/www.enertisapplus.com\/data-science\/"},"modified":"2024-06-12T06:31:09","modified_gmt":"2024-06-12T04:31:09","slug":"data-science","status":"publish","type":"page","link":"https:\/\/enertisapplus.com\/br\/data-science\/","title":{"rendered":"Data Science"},"content":{"rendered":"\n<h2 class=\"wp-block-heading h2-simple\">Data Science, an\u00e1lise avan\u00e7ada e ferramentas digitais<\/h2>\n\n\n\n<p>Como parte de nosso firme compromisso com P&amp;D e inova\u00e7\u00e3o, e em linha com nosso objetivo de oferecer o melhor servi\u00e7o aos nossos clientes, desenvolvemos uma s\u00e9rie de ferramentas inovadoras baseadas em metodologias de data science e incluindo tecnologia de machine learning cujo objetivo \u00e9 realizar uma an\u00e1lise e um gerenciamento eficientes dos dados provenientes de projetos de energia solar fotovoltaica.&nbsp;<\/p>\n\n\n\n<p>Temos uma quantidade crescente de dados de ativos. Uma interpreta\u00e7\u00e3o correta por meio de an\u00e1lises avan\u00e7adas representa uma ferramenta estrat\u00e9gica poderosa para orientar o processo de tomada de decis\u00e3o das empresas e maximizar o retorno sobre o investimento.&nbsp;<\/p>\n\n\n\n<div class=\"wp-block-group bloque-login\"><div class=\"wp-block-group__inner-container is-layout-constrained wp-block-group-is-layout-constrained\">\n<p>J\u00e1 \u00e9 cliente?<\/p>\n\n\n\n<p><strong>Acesse o Portal de Ferramentas de Data Science<\/strong><\/p>\n\n\n\n<p><a href=\"https:\/\/app.enertis.com\/login.php\" target=\"_blank\" rel=\"noreferrer noopener\">Acesse<\/a><\/p>\n\n\n\n<div style=\"height:65px\" aria-hidden=\"true\" class=\"wp-block-spacer\"><\/div>\n\n\n\n<figure class=\"wp-block-embed is-type-video is-provider-youtube wp-block-embed-youtube wp-embed-aspect-16-9 wp-has-aspect-ratio\"><div class=\"wp-block-embed__wrapper\">\n<iframe loading=\"lazy\" title=\"Enertis Applus+ Data Science tools\" width=\"640\" height=\"360\" src=\"https:\/\/www.youtube.com\/embed\/bDbgPnvAZS4?list=PLxyfTPQ_cWVBaHL9Xkctz31Ygbesm6CEu\" frameborder=\"0\" allow=\"accelerometer; autoplay; clipboard-write; encrypted-media; gyroscope; picture-in-picture; web-share\" referrerpolicy=\"strict-origin-when-cross-origin\" allowfullscreen><\/iframe>\n<\/div><\/figure>\n<\/div><\/div>\n","protected":false},"excerpt":{"rendered":"<p>Data Science, an\u00e1lise avan\u00e7ada e ferramentas digitais Como parte de nosso firme compromisso com P&amp;D e inova\u00e7\u00e3o, e em linha [&hellip;]<\/p>\n","protected":false},"author":5,"featured_media":0,"parent":0,"menu_order":0,"comment_status":"closed","ping_status":"closed","template":"template-data-science.php","meta":{"_acf_changed":false,"footnotes":""},"class_list":["post-5739","page","type-page","status-publish","hentry"],"acf":[],"_links":{"self":[{"href":"https:\/\/enertisapplus.com\/br\/wp-json\/wp\/v2\/pages\/5739","targetHints":{"allow":["GET"]}}],"collection":[{"href":"https:\/\/enertisapplus.com\/br\/wp-json\/wp\/v2\/pages"}],"about":[{"href":"https:\/\/enertisapplus.com\/br\/wp-json\/wp\/v2\/types\/page"}],"author":[{"embeddable":true,"href":"https:\/\/enertisapplus.com\/br\/wp-json\/wp\/v2\/users\/5"}],"replies":[{"embeddable":true,"href":"https:\/\/enertisapplus.com\/br\/wp-json\/wp\/v2\/comments?post=5739"}],"version-history":[{"count":2,"href":"https:\/\/enertisapplus.com\/br\/wp-json\/wp\/v2\/pages\/5739\/revisions"}],"predecessor-version":[{"id":8262,"href":"https:\/\/enertisapplus.com\/br\/wp-json\/wp\/v2\/pages\/5739\/revisions\/8262"}],"wp:attachment":[{"href":"https:\/\/enertisapplus.com\/br\/wp-json\/wp\/v2\/media?parent=5739"}],"curies":[{"name":"wp","href":"https:\/\/api.w.org\/{rel}","templated":true}]}}