{"id":7936,"date":"2024-02-10T07:26:40","date_gmt":"2024-02-10T06:26:40","guid":{"rendered":"https:\/\/www.enertisapplus.com\/technologies-energy-storage\/"},"modified":"2024-02-14T09:56:21","modified_gmt":"2024-02-14T08:56:21","slug":"tecnologias-armazenamento-energia","status":"publish","type":"page","link":"https:\/\/enertisapplus.com\/br\/tecnologias-armazenamento-energia\/","title":{"rendered":"Armazenamento de energia"},"content":{"rendered":"\n<h2 class=\"wp-block-heading\">TECNOLOGIAS<\/h2>\n\n\n\n<h3 class=\"wp-block-heading\">Armazenamento de energia<\/h3>\n\n\n\n<p>O armazenamento de energia em baterias (BESS) \u00e9 fundamental para o sistema el\u00e9trico, desempenhando um papel crucial na integra\u00e7\u00e3o de fontes de energia n\u00e3o gerenci\u00e1veis no mix energ\u00e9tico. Al\u00e9m disso, os projetos BESS proporcionam uma s\u00e9rie de servi\u00e7os \u00e0 rede, como regula\u00e7\u00e3o de frequ\u00eancia, estabilidade de rede e controle de rampa, entre outros.<\/p>\n\n\n\n<p>Nossa equipe de engenheiros e consultores especializados apoia nossos clientes com servi\u00e7os de consultoria, engenharia e controle de qualidade de alto valor agregado para projetos de BESS em todo o mundo, com o objetivo de garantir a previsibilidade do desempenho a longo prazo, proteger os benef\u00edcios e reduzir os riscos gerais dos nossos clientes.<\/p>\n\n\n\n<p>Oferecemos servi\u00e7os abrangentes de BESS, fornecendo conhecimentos de mercado para BESS, modelagem PV+Wind+BESS, suporte na sele\u00e7\u00e3o de equipamentos, relat\u00f3rios de engenharia independentes para financiamento, inspe\u00e7\u00f5es de controle de qualidade em f\u00e1brica e no local para cont\u00eaineres BESS, gest\u00e3o da documenta\u00e7\u00e3o de comissionamento e revis\u00f5es peri\u00f3dicas de desempenho.<\/p>\n\n\n\n<div class=\"wp-block-buttons is-layout-flex wp-block-buttons-is-layout-flex\">\n<div class=\"wp-block-button\"><a class=\"wp-block-button__link wp-element-button\" href=\"https:\/\/www.enertisapplus.com\/br\/armazenamento-energia\/\">Descubrir mais<\/a><\/div>\n<\/div>\n\n\n\n<h2 class=\"wp-block-heading\">\u00daLTIMAS NOT\u00cdCIAS<\/h2>\n\n\n<div class=\"noticias-destacadas\">\r\n\t\t\t<div class=\"noticia-destacada\">\r\n\t\t\t\t<p class=\"fecha\">06\/2025<\/p>\r\n\t\t\t\t<a href=\"https:\/\/enertisapplus.com\/br\/enertis-applus-mobiliza-seu-laboratorio-fotovoltaico-movel-para-o-diagnostico-avancado-de-quatro-usinas-solares-da-proton-energy-no-brasil\/\" rel=\"bookmark\">Enertis Applus+ mobiliza seu laborat\u00f3rio fotovoltaico m\u00f3vel para o diagn\u00f3stico avan\u00e7ado de quatro usinas solares da Proton Energy no Brasil\u00a0<\/a>\t\t\t<\/div>\r\n\t\t\r\n\t\t\t<div class=\"noticia-destacada\">\r\n\t\t\t\t<p class=\"fecha\">04\/2025<\/p>\r\n\t\t\t\t<a href=\"https:\/\/enertisapplus.com\/br\/enertis-applus-expande-seu-historico-no-brasil-com-servicos-de-controle-de-qualidade-para-a-casa-dos-ventos\/\" rel=\"bookmark\">Enertis Applus+ expande seu hist\u00f3rico no Brasil com servi\u00e7os de controle de qualidade para a Casa dos Ventos<\/a>\t\t\t<\/div>\r\n\t\t\r\n\t\t\t<div class=\"noticia-destacada\">\r\n\t\t\t\t<p class=\"fecha\">11\/2024<\/p>\r\n\t\t\t\t<a href=\"https:\/\/enertisapplus.com\/br\/enertis-applus-amplia-seu-alcance-no-brasil-com-a-chegada-de-seu-novo-laboratorio-fotovoltaico-movel\/\" rel=\"bookmark\">Enertis Applus+ amplia seu alcance no Brasil com a chegada de seu novo laborat\u00f3rio fotovoltaico m\u00f3vel<\/a>\t\t\t<\/div>\r\n\t\t\r\n\t\t\t<div class=\"noticia-destacada\">\r\n\t\t\t\t<p class=\"fecha\">11\/2023<\/p>\r\n\t\t\t\t<a href=\"https:\/\/enertisapplus.com\/br\/enertis-applus-atua-como-assessor-tecnico-independente-para-a-atlas-renewable-energy-para-o-banco-itau-e-credit-agricole-cib-para-uma-usina-fotovoltaica-de-438-mw-no-brasil\/\" rel=\"bookmark\">Enertis Applus+ atua como assessor t\u00e9cnico independente para a Atlas Renewable Energy, para o Banco Ita\u00fa e Cr\u00e9dit Agricole CIB para uma usina fotovoltaica de 438 MW no Brasil<\/a>\t\t\t<\/div>\r\n\t\t<\/div>\n\n\n<div class=\"wp-block-buttons is-layout-flex wp-block-buttons-is-layout-flex\">\n<div class=\"wp-block-button\"><a class=\"wp-block-button__link wp-element-button\" href=\"https:\/\/www.enertisapplus.com\/category\/corporate\/\">Mais not\u00edcias<\/a><\/div>\n<\/div>\n","protected":false},"excerpt":{"rendered":"<p>TECNOLOGIAS Armazenamento de energia O armazenamento de energia em baterias (BESS) \u00e9 fundamental para o sistema el\u00e9trico, desempenhando um papel [&hellip;]<\/p>\n","protected":false},"author":4,"featured_media":0,"parent":0,"menu_order":0,"comment_status":"closed","ping_status":"closed","template":"template-technologies.php","meta":{"_acf_changed":false,"footnotes":""},"class_list":["post-7936","page","type-page","status-publish","hentry"],"acf":[],"_links":{"self":[{"href":"https:\/\/enertisapplus.com\/br\/wp-json\/wp\/v2\/pages\/7936","targetHints":{"allow":["GET"]}}],"collection":[{"href":"https:\/\/enertisapplus.com\/br\/wp-json\/wp\/v2\/pages"}],"about":[{"href":"https:\/\/enertisapplus.com\/br\/wp-json\/wp\/v2\/types\/page"}],"author":[{"embeddable":true,"href":"https:\/\/enertisapplus.com\/br\/wp-json\/wp\/v2\/users\/4"}],"replies":[{"embeddable":true,"href":"https:\/\/enertisapplus.com\/br\/wp-json\/wp\/v2\/comments?post=7936"}],"version-history":[{"count":2,"href":"https:\/\/enertisapplus.com\/br\/wp-json\/wp\/v2\/pages\/7936\/revisions"}],"predecessor-version":[{"id":8076,"href":"https:\/\/enertisapplus.com\/br\/wp-json\/wp\/v2\/pages\/7936\/revisions\/8076"}],"wp:attachment":[{"href":"https:\/\/enertisapplus.com\/br\/wp-json\/wp\/v2\/media?parent=7936"}],"curies":[{"name":"wp","href":"https:\/\/api.w.org\/{rel}","templated":true}]}}