{"id":8007,"date":"2024-02-10T09:02:54","date_gmt":"2024-02-10T08:02:54","guid":{"rendered":"https:\/\/www.enertisapplus.com\/a-paa\/"},"modified":"2024-06-12T06:33:24","modified_gmt":"2024-06-12T04:33:24","slug":"a-paa","status":"publish","type":"page","link":"https:\/\/enertisapplus.com\/br\/a-paa\/","title":{"rendered":"A-PAA"},"content":{"rendered":"\n<h2 class=\"title-icon\"><svg width=\"87px\" height=\"97px\" viewBox=\"0 0 374 397\" version=\"1.1\"\n                                         xmlns=\"http:\/\/www.w3.org\/2000\/svg\" xmlns:xlink=\"http:\/\/www.w3.org\/1999\/xlink\">\n                                            <title>APAA_2<\/title>\n                                            <g id=\"Page-1\" stroke=\"none\" stroke-width=\"1\" fill=\"none\"\n                                               fill-rule=\"evenodd\">\n                                                <g id=\"APAA_2\" transform=\"translate(0.972840, 0.110000)\"\n                                                   fill-rule=\"nonzero\">\n                                                    <path d=\"M334.02716,31.32 L333.96716,31.27 C331.335232,28.6390657 327.069088,28.6390657 324.43716,31.27 L282.28716,73.27 C270.200901,64.6858662 253.918619,65.0311741 242.20716,74.12 L213.26716,49.04 C215.78972,42.0816004 215.919921,34.480713 213.63716,27.44 C208.606221,11.5042279 192.696083,1.62686937 176.18234,4.18723637 C159.668598,6.74760337 147.496389,20.9789788 147.52716,37.69 C147.527442,44.1121587 149.366589,50.3999567 152.82716,55.81 L116.28716,90.89 C114.979009,92.1460137 114.231289,93.8755814 114.212114,95.6889971 C114.193666,97.5024128 114.905346,99.2471194 116.18716,100.53 L116.18716,100.53 C118.789506,103.122571 122.985908,103.162536 125.63716,100.62 L162.19716,65.54 C175.992404,75.0624251 194.687285,73.0093532 206.08716,60.72 L233.28716,84.3 C229.4097,91.1510006 228.054569,99.1437983 229.45716,106.89 C232.549832,124.166304 248.327442,136.21817 265.808855,134.657562 C283.290268,133.096953 296.683599,118.440926 296.66716,100.89 C296.668565,94.6221479 294.912049,88.4795378 291.59716,83.16 L334.02716,40.89 C336.667048,38.2500654 336.667048,33.9699346 334.02716,31.33 M201.717162,37.66 C201.721204,45.8845361 196.769442,53.3012926 189.171735,56.4505549 C181.574027,59.5998172 172.827307,57.8611043 167.011682,52.0454784 C161.196056,46.2298525 159.457343,37.4831327 162.606605,29.8854253 C165.755867,22.287718 173.172624,17.3359555 181.39716,17.3399975 C192.610457,17.3620085 201.695151,26.4467028 201.717162,37.66 M283.127162,100.89 C283.131204,109.114536 278.179442,116.531293 270.581735,119.680555 C262.984027,122.829817 254.237307,121.091104 248.421682,115.275478 C242.606056,109.459852 240.867343,100.713133 244.016605,93.1154253 C247.165867,85.517718 254.582624,80.5659555 262.80716,80.5699975 C274.018182,80.5974849 283.099675,89.6789782 283.127162,100.89\"\n                                                          id=\"Shape\" fill=\"#003D50\"><\/path>\n                                                    <path d=\"M358.38716,54.52 C354.521167,54.52 351.38716,51.3859932 351.38716,47.52 L351.38716,14 L317.88716,14 C314.021167,14 310.88716,10.8659932 310.88716,7 C310.88716,3.13400675 314.021167,0 317.88716,0 L358.39716,0 C362.263153,0 365.39716,3.13400675 365.39716,7 L365.39716,47.52 C365.39716,51.3859932 362.263153,54.52 358.39716,54.52\"\n                                                          id=\"Path\" fill=\"#003D50\"><\/path>\n                                                    <path class=\"red\"\n                                                          d=\"M147.25716,129.98 L113.02716,129.98 C112.848454,130.006046 112.67147,130.042778 112.49716,130.09 C109.948202,117.289087 100.188313,107.138803 87.4971599,104.09 L87.4971599,70.19 C87.4971599,66.3240068 84.3631532,63.19 80.4971599,63.19 C76.6311667,63.19 73.4971599,66.3240068 73.4971599,70.19 L73.4971599,103.54 C69.240805,104.272953 65.1661409,105.821326 61.4971599,108.1 L38.1971599,84.8 C36.4251226,83.0279627 33.8423219,82.3359033 31.4216739,82.984514 C29.0010259,83.6331247 27.1102846,85.523866 26.4616739,87.944514 C25.8130633,90.365162 26.5051226,92.9479627 28.2771599,94.72 L51.3271599,117.72 C48.7834356,121.402191 47.0049527,125.557652 46.0971599,129.94 L13.6671599,129.94 C9.80116668,129.94 6.66715993,133.074007 6.66715993,136.94 C6.66715993,140.805993 9.80116668,143.94 13.6671599,143.94 L46.1271599,143.94 C47.0596035,148.298044 48.8474542,152.427775 51.3871599,156.09 L28.2671599,179.21 C26.4951226,180.982037 25.8030633,183.564838 26.4516739,185.985486 C27.1002846,188.406134 28.9910259,190.296875 31.4116739,190.945486 C33.8323219,191.594097 36.4151226,190.902037 38.1871599,189.13 L61.5871599,165.72 C65.2188321,167.961607 69.2436627,169.492128 73.4471599,170.23 L73.4471599,203.73 C73.4471599,207.595993 76.5811667,210.73 80.4471599,210.73 C84.3131532,210.73 87.4471599,207.595993 87.4471599,203.73 L87.4471599,169.72 C91.375814,168.768305 95.1016194,167.118789 98.4471599,164.85 C98.4471599,164.85 98.4471599,164.93 98.5371599,164.97 L122.74716,189.18 C125.486492,191.916571 129.925589,191.914332 132.66216,189.175 C135.398731,186.435668 135.396492,181.996571 132.65716,179.26 L108.44716,155.06 C108.31676,154.960826 108.179779,154.870619 108.03716,154.79 C110.124074,151.438935 111.612882,147.750753 112.43716,143.89 C112.624783,143.940558 112.815078,143.98062 113.00716,144.01 L147.25716,144.01 C151.123153,144.01 154.25716,140.875993 154.25716,137.01 C154.25716,133.144007 151.123153,130.01 147.25716,130.01\"\n                                                          id=\"Path\" fill=\"#EB4F31\"><\/path>\n                                                    <polygon id=\"Path\" fill=\"#EB4F31\"\n                                                             points=\"85.7671599 354.31 82.3371599 365.84 118.46716 365.84 121.90716 354.31\"><\/polygon>\n                                                    <path d=\"M51.1771599,361.6 L24.7071599,361.6 L38.0271599,326.89 L51.1771599,361.6 Z M76.5071599,392.89 L47.1171599,317.66 C46.1171599,315 44.2071599,313.48 38.1171599,313.48 C32.0271599,313.48 30.1171599,315 29.1171599,317.66 L0.0271599311,392.89 C-0.352840069,394.03 3.31715993,396.82 7.11715993,396.82 C9.90715993,396.82 12.6971599,395.43 14.3371599,390.87 L21.5571599,372.12 L54.3571599,372.12 L61.5771599,390.74 C63.3471599,395.43 66.3871599,396.82 69.3071599,396.82 C73.2271599,396.82 76.8971599,393.91 76.5271599,392.89\"\n                                                          id=\"Shape\" fill=\"#003D50\"><\/path>\n                                                    <path d=\"M346.71716,361.6 L320.24716,361.6 L333.54716,326.9 L346.71716,361.6 Z M372.02716,392.89 L342.64716,317.66 C341.64716,315 339.73716,313.48 333.64716,313.48 C327.55716,313.48 325.64716,315 324.64716,317.66 L295.54716,392.89 C295.16716,394.03 298.84716,396.82 302.64716,396.82 C305.42716,396.82 308.21716,395.43 309.85716,390.87 L317.07716,372.12 L349.87716,372.12 L357.10716,390.74 C358.87716,395.43 361.91716,396.82 364.82716,396.82 C368.75716,396.82 372.42716,393.91 372.04716,392.89\"\n                                                          id=\"Shape\" fill=\"#003D50\"><\/path>\n                                                    <path d=\"M259.67716,361.6 L233.20716,361.6 L246.50716,326.9 L259.67716,361.6 Z M285.02716,392.89 L255.62716,317.65 C254.62716,314.99 252.71716,313.47 246.62716,313.47 C240.53716,313.47 238.62716,314.99 237.62716,317.65 L208.51716,392.89 C208.12716,394.03 211.80716,396.82 215.60716,396.82 C218.38716,396.82 221.17716,395.43 222.82716,390.87 L230.02716,372.11 L262.82716,372.11 L270.02716,390.73 C271.79716,395.42 274.83716,396.81 277.74716,396.81 C281.67716,396.81 285.34716,393.9 284.96716,392.88\"\n                                                          id=\"Shape\" fill=\"#003D50\"><\/path>\n                                                    <path d=\"M176.28716,355.39 L153.83716,355.14 L162.08716,324.38 L176.41716,324.23 C188.82716,324.23 195.28716,329.55 195.28716,339.81 C195.28716,350.07 188.82716,355.39 176.28716,355.39 M176.54716,313.47 L160.09716,313.47 C154.14716,313.47 152.09716,314.99 151.09716,317.65 L130.44716,392.89 C130.06716,394.03 133.73716,396.81 137.53716,396.81 C140.32716,396.81 143.11716,395.42 144.75716,390.86 L151.09716,365.86 L176.02716,365.86 C197.17716,365.86 206.50716,357.05 208.32716,339.52 C210.06716,322.77 196.79716,313.43 176.53716,313.43\"\n                                                          id=\"Shape\" fill=\"#003D50\"><\/path>\n                                                <\/g>\n                                            <\/g>\n                                        <\/svg><span>Aplicativo de an\u00e1lise de desempenho avan\u00e7ado (A-PAA)<\/span><\/h2>\n\n\n\n<p>A ferramenta Advanced Performance Analytics Application (A-PAA) permite uma an\u00e1lise r\u00e1pida e aprofundada do desempenho a longo prazo dos projetos de energia solar fotovoltaica.<br>O A-PAA facilita uma an\u00e1lise \u00fanica usando t\u00e9cnicas de machine learning e data science, apoiando a an\u00e1lise dos nossos consultores para detectar poss\u00edveis preju\u00edzos e proteger o ativo no presente e futuro, gra\u00e7as a:<\/p>\n\n\n\n<ul class=\"wp-block-list\">\n<li>Identifica\u00e7\u00e3o de indisponibilidade recuper\u00e1vel e baixo desempenho sist\u00eamico.<\/li>\n\n\n\n<li>Detec\u00e7\u00e3o de tempo de inatividade no ponto de interconex\u00e3o (POI)\/ponto de acoplamento comum (PCC) e no n\u00edvel do inversor, e quantifica\u00e7\u00e3o da energia perdida.<\/li>\n\n\n\n<li>C\u00e1lculos de degrada\u00e7\u00e3o m\u00e9dia a longo prazo<\/li>\n\n\n\n<li>C\u00e1lculos de taxa de sujeira di\u00e1ria m\u00e9dia com base nos dados de produ\u00e7\u00e3o do ativo, permitindo um c\u00e1lculo realista das perdas devido \u00e0 sujeira.<\/li>\n\n\n\n<li>C\u00e1lculo das perdas reais de energia entre o inversor e o ponto de interconex\u00e3o (POI)\/ponto de acoplamento comum (PCC).<\/li>\n\n\n\n<li>Detection of tracker failures and estimation of its impact in the asset production<\/li>\n\n\n\n<li>C\u00e1lculo de perdas de redu\u00e7\u00e3o<\/li>\n\n\n\n<li>Gr\u00e1ficos interativos que mostram o desempenho anual do local com o mais alto n\u00edvel de detalhes dispon\u00edvel.<\/li>\n\n\n\n<li>Compara\u00e7\u00f5es diretas com o P50 e o P50 ajustado ao clima a partir de uma perspectiva de desempenho e energia.<\/li>\n<\/ul>\n\n\n\n<div class=\"wp-block-buttons is-content-justification-center is-layout-flex wp-container-core-buttons-is-layout-16018d1d wp-block-buttons-is-layout-flex\">\n<div class=\"wp-block-button\"><a class=\"wp-block-button__link has-text-align-center wp-element-button\" href=\"https:\/\/www.enertisapplus.com\/apaa-demo\/\">Solicitar uma demostra\u00e7\u00e3o<\/a><\/div>\n<\/div>\n\n\n\n<p>Descubra a facilidade de uso da ferramenta A-PAA e como ela permite aos consultores analisar os ativos de energia renov\u00e1vel, garantindo seu valor atual e futuro por meio de uma an\u00e1lise detalhada da produ\u00e7\u00e3o, c\u00e1lculos precisos de sujeira acumulada e detec\u00e7\u00e3o precisa de problemas nos trackers e seu impacto na produ\u00e7\u00e3o de energia.<\/p>\n\n\n\n<figure class=\"wp-block-embed is-type-video is-provider-youtube wp-block-embed-youtube wp-embed-aspect-16-9 wp-has-aspect-ratio\"><div class=\"wp-block-embed__wrapper\">\n<iframe loading=\"lazy\" title=\"Enertis Applus+ Data Science Tools   A PAA\" width=\"640\" height=\"360\" src=\"https:\/\/www.youtube.com\/embed\/-wVfGl1SIDU?list=PLxyfTPQ_cWVBaHL9Xkctz31Ygbesm6CEu\" frameborder=\"0\" allow=\"accelerometer; autoplay; clipboard-write; encrypted-media; gyroscope; picture-in-picture; web-share\" referrerpolicy=\"strict-origin-when-cross-origin\" allowfullscreen><\/iframe>\n<\/div><\/figure>\n","protected":false},"excerpt":{"rendered":"<p>APAA_2 Aplicativo de an\u00e1lise de desempenho avan\u00e7ado (A-PAA) A ferramenta Advanced Performance Analytics Application (A-PAA) permite uma an\u00e1lise r\u00e1pida e [&hellip;]<\/p>\n","protected":false},"author":4,"featured_media":0,"parent":0,"menu_order":0,"comment_status":"closed","ping_status":"closed","template":"template-data-science.php","meta":{"_acf_changed":false,"footnotes":""},"class_list":["post-8007","page","type-page","status-publish","hentry"],"acf":[],"_links":{"self":[{"href":"https:\/\/enertisapplus.com\/br\/wp-json\/wp\/v2\/pages\/8007","targetHints":{"allow":["GET"]}}],"collection":[{"href":"https:\/\/enertisapplus.com\/br\/wp-json\/wp\/v2\/pages"}],"about":[{"href":"https:\/\/enertisapplus.com\/br\/wp-json\/wp\/v2\/types\/page"}],"author":[{"embeddable":true,"href":"https:\/\/enertisapplus.com\/br\/wp-json\/wp\/v2\/users\/4"}],"replies":[{"embeddable":true,"href":"https:\/\/enertisapplus.com\/br\/wp-json\/wp\/v2\/comments?post=8007"}],"version-history":[{"count":2,"href":"https:\/\/enertisapplus.com\/br\/wp-json\/wp\/v2\/pages\/8007\/revisions"}],"predecessor-version":[{"id":8265,"href":"https:\/\/enertisapplus.com\/br\/wp-json\/wp\/v2\/pages\/8007\/revisions\/8265"}],"wp:attachment":[{"href":"https:\/\/enertisapplus.com\/br\/wp-json\/wp\/v2\/media?parent=8007"}],"curies":[{"name":"wp","href":"https:\/\/api.w.org\/{rel}","templated":true}]}}