{"id":8618,"date":"2025-01-17T10:27:04","date_gmt":"2025-01-17T09:27:04","guid":{"rendered":"https:\/\/www.enertisapplus.com\/wind-manufacturing-services\/"},"modified":"2025-02-01T08:02:49","modified_gmt":"2025-02-01T07:02:49","slug":"wind-manufacturing-services","status":"publish","type":"page","link":"https:\/\/enertisapplus.com\/br\/wind-manufacturing-services\/","title":{"rendered":"Servi\u00e7os de inspe\u00e7\u00e3o durante a fabrica\u00e7\u00e3o de componentes de turbinas e\u00f3licas"},"content":{"rendered":"\n<p>A Applus+ oferece uma ampla gama de servi\u00e7os de controle de qualidade durante a fabrica\u00e7\u00e3o de componentes-chave para parques e\u00f3licos onshore e offshore. Esses s\u00e3o servi\u00e7os especializados fornecidos diretamente nas instala\u00e7\u00f5es do fabricante.<\/p>\n\n\n\n<p>A Applus+ tem uma equipe global de inspetores treinados para supervisionar os processos de fabrica\u00e7\u00e3o em praticamente qualquer local do mundo. Al\u00e9m disso, contamos com tecnologia de ponta para testes n\u00e3o destrutivos (NDT).<\/p>\n\n\n\n<p>Como parte da unidade de servi\u00e7os de energia renov\u00e1vel, os especialistas da Applus+ trabalham em conjunto com a equipe da Enertis Applus+ para proteger a rentabilidade de longo prazo dos projetos de nossos clientes. Nossas equipes realizam uma an\u00e1lise completa de todas as fases de aquisi\u00e7\u00e3o, fabrica\u00e7\u00e3o, controle de qualidade, transporte e entrega de componentes.<\/p>\n\n\n\n<p>Nossa equipe toma as medidas necess\u00e1rias para mitigar os riscos associados \u00e0 previs\u00e3o de desempenho, garantindo a qualidade e um retorno sustent\u00e1vel do investimento para os clientes, mantendo a independ\u00eancia dos fabricantes.<\/p>\n\n\n\n<div class=\"wp-block-group alignfull bloque-grupo-iconos has-background\" style=\"background-color:#f7f7f7\"><div class=\"wp-block-group__inner-container is-layout-constrained wp-block-group-is-layout-constrained\">\n<p><strong>Nossos servi\u00e7os de inspe\u00e7\u00e3o durante a fabrica\u00e7\u00e3o de componentes e\u00f3licos incluem, entre outros:<\/strong><\/p>\n\n\n\n<div class=\"wp-block-columns is-layout-flex wp-container-core-columns-is-layout-9d6595d7 wp-block-columns-is-layout-flex\">\n<div class=\"wp-block-column is-layout-flow wp-block-column-is-layout-flow\"><div class=\"wp-block-image\">\n<figure class=\"aligncenter size-full\"><a href=\"https:\/\/www.enertisapplus.com\/wp-content\/uploads\/2025\/02\/EN_Icono-1-3.png\"><img loading=\"lazy\" decoding=\"async\" width=\"260\" height=\"260\" src=\"https:\/\/www.enertisapplus.com\/wp-content\/uploads\/2025\/02\/EN_Icono-1-3.png\" alt=\"\" class=\"wp-image-8621\" srcset=\"https:\/\/enertisapplus.com\/wp-content\/uploads\/2025\/02\/EN_Icono-1-3.png 260w, https:\/\/enertisapplus.com\/wp-content\/uploads\/2025\/02\/EN_Icono-1-3-150x150.png 150w\" sizes=\"auto, (max-width: 260px) 100vw, 260px\" \/><\/a><\/figure>\n<\/div>\n\n\n<p class=\"has-text-align-center\">Experi\u00eancia em inspe\u00e7\u00e3o durante a fabrica\u00e7\u00e3o de componentes e\u00f3licos.<\/p>\n<\/div>\n\n\n\n<div class=\"wp-block-column is-layout-flow wp-block-column-is-layout-flow\"><div class=\"wp-block-image\">\n<figure class=\"aligncenter size-full\"><a href=\"https:\/\/www.enertisapplus.com\/wp-content\/uploads\/2025\/01\/EN_Icono-2-1.png\"><img loading=\"lazy\" decoding=\"async\" width=\"260\" height=\"260\" src=\"https:\/\/www.enertisapplus.com\/wp-content\/uploads\/2025\/01\/EN_Icono-2-1.png\" alt=\"\" class=\"wp-image-8562\" srcset=\"https:\/\/enertisapplus.com\/wp-content\/uploads\/2025\/01\/EN_Icono-2-1.png 260w, https:\/\/enertisapplus.com\/wp-content\/uploads\/2025\/01\/EN_Icono-2-1-150x150.png 150w\" sizes=\"auto, (max-width: 260px) 100vw, 260px\" \/><\/a><\/figure>\n<\/div>\n\n\n<p class=\"has-text-align-center\">Software de gerenciamento de qualidade AMIS para garantir a excel\u00eancia.<\/p>\n<\/div>\n\n\n\n<div class=\"wp-block-column is-layout-flow wp-block-column-is-layout-flow\"><div class=\"wp-block-image\">\n<figure class=\"aligncenter size-full\"><a href=\"https:\/\/www.enertisapplus.com\/wp-content\/uploads\/2025\/01\/EN_Icono-3-1.png\"><img loading=\"lazy\" decoding=\"async\" width=\"260\" height=\"260\" src=\"https:\/\/www.enertisapplus.com\/wp-content\/uploads\/2025\/01\/EN_Icono-3-1.png\" alt=\"\" class=\"wp-image-8566\" srcset=\"https:\/\/enertisapplus.com\/wp-content\/uploads\/2025\/01\/EN_Icono-3-1.png 260w, https:\/\/enertisapplus.com\/wp-content\/uploads\/2025\/01\/EN_Icono-3-1-150x150.png 150w\" sizes=\"auto, (max-width: 260px) 100vw, 260px\" \/><\/a><\/figure>\n<\/div>\n\n\n<p class=\"has-text-align-center\">Operadores especializados em tecnologia ultra-avan\u00e7ada de testes n\u00e3o destrutivos (NDT).<\/p>\n<\/div>\n\n\n\n<div class=\"wp-block-column is-layout-flow wp-block-column-is-layout-flow\"><div class=\"wp-block-image\">\n<figure class=\"aligncenter size-full\"><a href=\"https:\/\/www.enertisapplus.com\/wp-content\/uploads\/2025\/01\/EN_Icono-4-2.png\"><img loading=\"lazy\" decoding=\"async\" width=\"260\" height=\"260\" src=\"https:\/\/www.enertisapplus.com\/wp-content\/uploads\/2025\/01\/EN_Icono-4-2.png\" alt=\"\" class=\"wp-image-8575\" srcset=\"https:\/\/enertisapplus.com\/wp-content\/uploads\/2025\/01\/EN_Icono-4-2.png 260w, https:\/\/enertisapplus.com\/wp-content\/uploads\/2025\/01\/EN_Icono-4-2-150x150.png 150w\" sizes=\"auto, (max-width: 260px) 100vw, 260px\" \/><\/a><\/figure>\n<\/div>\n\n\n<p class=\"has-text-align-center\">Inspetores qualificados nas principais instala\u00e7\u00f5es industriais do mundo.<\/p>\n<\/div>\n<\/div>\n\n\n\n<div class=\"wp-block-group\"><div class=\"wp-block-group__inner-container is-layout-constrained wp-block-group-is-layout-constrained\">\n<ul class=\"wp-block-list\">\n<li><strong>Prepara\u00e7\u00e3o\/revis\u00e3o\/valida\u00e7\u00e3o de:<\/strong>\n<ul class=\"wp-block-list\">\n<li>Todos os tipos de documenta\u00e7\u00e3o de qualidade, procedimentos de inspe\u00e7\u00e3o e plano de inspe\u00e7\u00e3o e teste (ITP)<\/li>\n\n\n\n<li>Procedimentos NDT (certifica\u00e7\u00f5es ISO 9712 40N-III em todas as t\u00e9cnicas de inspe\u00e7\u00e3o)<\/li>\n<\/ul>\n<\/li>\n\n\n\n<li><strong>Auditorias de f\u00e1brica<\/strong><\/li>\n\n\n\n<li><strong>SupAvalia\u00e7\u00e3o de fornecedoresActivaci\u00f3n de pedidos para todos los componentes de plantas e\u00f3licasplier Evaluations<\/strong><\/li>\n\n\n\n<li><strong>Inspe\u00e7\u00e3o de f\u00e1brica: torres, naceles, engenheiro de soldagem internacional (IWE), inspetor de soldagem internacional (IWI), NDT, p\u00e1s, caixa de engrenagens, rolamentos, transformador<\/strong><\/li>\n\n\n\n<li><strong>Inspe\u00e7\u00e3o de revestimento<\/strong>, com inspetores da NACE ou da FROSIO: torres, naceles, p\u00e1s, caixa de engrenagens, transformador<\/li>\n\n\n\n<li><strong>Supervis\u00e3o do teste FAT:<\/strong> torres, naceles, p\u00e1s, caixa de engrenagens, transformadores<\/li>\n\n\n\n<li><strong>Inspe\u00e7\u00e3o de carga e descarga, inspe\u00e7\u00e3o pr\u00e9-embarque, gerenciamento de armaz\u00e9m, log\u00edstica e suporte administrativo.<\/strong><\/li>\n\n\n\n<li><strong>Prepara\u00e7\u00e3o, revis\u00e3o ou valida\u00e7\u00e3o do plano de escava\u00e7\u00e3o, projeto do bloco de calibra\u00e7\u00e3o<\/strong> &#8211; inclu\u00eddo como parte do contrato com os fabricantes de torres, estacas e monoestacas.<\/li>\n\n\n\n<li><strong>Controle dimensional digital:<\/strong> digitaliza\u00e7\u00e3o 3D, (tecnologia LiDar) \/ equipamento de teste Leica Total Station<\/li>\n\n\n\n<li><strong>NDT convencional e avan\u00e7ado com Phase Array Time of Flight Diffraction (PA, ToFD)<\/strong>, mais de 600 certificados ISO 9712 NDT em todas as t\u00e9cnicas, tamb\u00e9m com a tecnologia IWEX ultra-avan\u00e7ada.<\/li>\n<\/ul>\n<\/div><\/div>\n<\/div><\/div>\n\n\n\r\n\t<div class=\"bloque bloque-contacto alignfull\">\r\n\r\n\t\t<div class=\"contenedor\">\r\n\r\n\t\t\t\t\t\t\t<h3 style=\"margin-bottom: 40px;\">Cont\u00e1ctanos para m\u00e1s informacion<\/h3>\r\n\t\t\t\r\n\t\t\t<div class=\"bloque-contacto__contenido\">\r\n\r\n\t\t\t\t                    <img decoding=\"async\" src=\"https:\/\/enertisapplus.com\/wp-content\/uploads\/2023\/07\/vicente-parra-garcia.jpg\" loading=\"lazy\" width=\"400\" height=\"400\" \/>\r\n\r\n                \t\t\t\t<div class=\"bloque-contacto__contenido__persona\">\r\n                                            <h4>Vicente Parra Garc\u00eda<\/h4>\r\n                        <p>Head of QAQC and Technology<\/p>\r\n                    \t\t\t\t\t<a href=\"https:\/\/www.enertisapplus.com\/contact\/\" title=\"Vicente Parra Garc\u00eda\">\r\n\t\t\t\t\t\tContato\t\t\t\t\t<\/a>\r\n\t\t\t\t<\/div><!-- \/ .bloque-contacto__contenido__persona -->\r\n\r\n\t\t\t<\/div><!-- \/ .bloque-contacto__contenido -->\r\n\r\n\t\t<\/div><!-- \/.contenedor -->\r\n\r\n\t<\/div><!-- \/ .bloque-contacto -->\r\n\r\n","protected":false},"excerpt":{"rendered":"<p>A Applus+ oferece uma ampla gama de servi\u00e7os de controle de qualidade durante a fabrica\u00e7\u00e3o de componentes-chave para parques e\u00f3licos [&hellip;]<\/p>\n","protected":false},"author":5,"featured_media":0,"parent":0,"menu_order":0,"comment_status":"closed","ping_status":"closed","template":"template-services.php","meta":{"_acf_changed":false,"footnotes":""},"class_list":["post-8618","page","type-page","status-publish","hentry"],"acf":[],"_links":{"self":[{"href":"https:\/\/enertisapplus.com\/br\/wp-json\/wp\/v2\/pages\/8618","targetHints":{"allow":["GET"]}}],"collection":[{"href":"https:\/\/enertisapplus.com\/br\/wp-json\/wp\/v2\/pages"}],"about":[{"href":"https:\/\/enertisapplus.com\/br\/wp-json\/wp\/v2\/types\/page"}],"author":[{"embeddable":true,"href":"https:\/\/enertisapplus.com\/br\/wp-json\/wp\/v2\/users\/5"}],"replies":[{"embeddable":true,"href":"https:\/\/enertisapplus.com\/br\/wp-json\/wp\/v2\/comments?post=8618"}],"version-history":[{"count":1,"href":"https:\/\/enertisapplus.com\/br\/wp-json\/wp\/v2\/pages\/8618\/revisions"}],"predecessor-version":[{"id":8631,"href":"https:\/\/enertisapplus.com\/br\/wp-json\/wp\/v2\/pages\/8618\/revisions\/8631"}],"wp:attachment":[{"href":"https:\/\/enertisapplus.com\/br\/wp-json\/wp\/v2\/media?parent=8618"}],"curies":[{"name":"wp","href":"https:\/\/api.w.org\/{rel}","templated":true}]}}