{"id":8985,"date":"2025-05-18T17:21:32","date_gmt":"2025-05-18T15:21:32","guid":{"rendered":"https:\/\/www.enertisapplus.com\/technology-green-hydrogen\/"},"modified":"2025-05-18T17:38:50","modified_gmt":"2025-05-18T15:38:50","slug":"tecnologias-hidrogenio-verde","status":"publish","type":"page","link":"https:\/\/enertisapplus.com\/br\/tecnologias-hidrogenio-verde\/","title":{"rendered":"Hidrog\u00eanio verde"},"content":{"rendered":"\n<h2 class=\"wp-block-heading\">TECNOLOGIAS<\/h2>\n\n\n\n<h3 class=\"wp-block-heading\">HIDROG\u00caNIO VERDE<\/h3>\n\n\n\n<p>O hidrog\u00eanio verde est\u00e1 surgindo como um pilar fundamental na transi\u00e7\u00e3o para um futuro energ\u00e9tico sustent\u00e1vel. Produzido por meio de eletr\u00f3lise alimentada por fontes de energia renov\u00e1veis, como a solar e a e\u00f3lica, o hidrog\u00eanio verde permite o armazenamento e o uso de energia livre de carbono em v\u00e1rios setores, incluindo ind\u00fastria, transporte e gera\u00e7\u00e3o de energia.<\/p>\n\n\n\n<p>\u00c0 medida que a tecnologia e o mercado do hidrog\u00eanio verde continuam a evoluir, \u00e9 fundamental avaliar a viabilidade t\u00e9cnica e econ\u00f4mica dos projetos para garantir seu sucesso a longo prazo.<\/p>\n\n\n\n<p>Na Enertis Applus+, fornecemos an\u00e1lises de viabilidade t\u00e9cnico-econ\u00f4mica para projetos de hidrog\u00eanio verde. Ao integrar simula\u00e7\u00f5es iterativas de cen\u00e1rios de energia com modelagem financeira abrangente, nossos especialistas ajudam os clientes a identificar a solu\u00e7\u00e3o mais vi\u00e1vel e otimizada financeiramente, minimizando os riscos e maximizando os retornos nesse setor em r\u00e1pido crescimento.<\/p>\n\n\n\n<div class=\"wp-block-buttons is-layout-flex wp-block-buttons-is-layout-flex\">\n<div class=\"wp-block-button\"><a class=\"wp-block-button__link wp-element-button\" href=\"https:\/\/www.enertisapplus.com\/br\/engenharia\/\">Descobrir mais<\/a><\/div>\n<\/div>\n\n\n\n<h2 class=\"wp-block-heading\">\u00daLTIMAS NOTICIAS<\/h2>\n\n\n<div class=\"noticias-destacadas\">\r\n\t\t\t<div class=\"noticia-destacada\">\r\n\t\t\t\t<p class=\"fecha\">06\/2025<\/p>\r\n\t\t\t\t<a href=\"https:\/\/enertisapplus.com\/br\/enertis-applus-mobiliza-seu-laboratorio-fotovoltaico-movel-para-o-diagnostico-avancado-de-quatro-usinas-solares-da-proton-energy-no-brasil\/\" rel=\"bookmark\">Enertis Applus+ mobiliza seu laborat\u00f3rio fotovoltaico m\u00f3vel para o diagn\u00f3stico avan\u00e7ado de quatro usinas solares da Proton Energy no Brasil\u00a0<\/a>\t\t\t<\/div>\r\n\t\t\r\n\t\t\t<div class=\"noticia-destacada\">\r\n\t\t\t\t<p class=\"fecha\">04\/2025<\/p>\r\n\t\t\t\t<a href=\"https:\/\/enertisapplus.com\/br\/enertis-applus-expande-seu-historico-no-brasil-com-servicos-de-controle-de-qualidade-para-a-casa-dos-ventos\/\" rel=\"bookmark\">Enertis Applus+ expande seu hist\u00f3rico no Brasil com servi\u00e7os de controle de qualidade para a Casa dos Ventos<\/a>\t\t\t<\/div>\r\n\t\t\r\n\t\t\t<div class=\"noticia-destacada\">\r\n\t\t\t\t<p class=\"fecha\">11\/2024<\/p>\r\n\t\t\t\t<a href=\"https:\/\/enertisapplus.com\/br\/enertis-applus-amplia-seu-alcance-no-brasil-com-a-chegada-de-seu-novo-laboratorio-fotovoltaico-movel\/\" rel=\"bookmark\">Enertis Applus+ amplia seu alcance no Brasil com a chegada de seu novo laborat\u00f3rio fotovoltaico m\u00f3vel<\/a>\t\t\t<\/div>\r\n\t\t\r\n\t\t\t<div class=\"noticia-destacada\">\r\n\t\t\t\t<p class=\"fecha\">11\/2023<\/p>\r\n\t\t\t\t<a href=\"https:\/\/enertisapplus.com\/br\/enertis-applus-atua-como-assessor-tecnico-independente-para-a-atlas-renewable-energy-para-o-banco-itau-e-credit-agricole-cib-para-uma-usina-fotovoltaica-de-438-mw-no-brasil\/\" rel=\"bookmark\">Enertis Applus+ atua como assessor t\u00e9cnico independente para a Atlas Renewable Energy, para o Banco Ita\u00fa e Cr\u00e9dit Agricole CIB para uma usina fotovoltaica de 438 MW no Brasil<\/a>\t\t\t<\/div>\r\n\t\t<\/div>\n\n\n<p><\/p>\n","protected":false},"excerpt":{"rendered":"<p>TECNOLOGIAS HIDROG\u00caNIO VERDE O hidrog\u00eanio verde est\u00e1 surgindo como um pilar fundamental na transi\u00e7\u00e3o para um futuro energ\u00e9tico sustent\u00e1vel. Produzido [&hellip;]<\/p>\n","protected":false},"author":5,"featured_media":0,"parent":0,"menu_order":0,"comment_status":"closed","ping_status":"closed","template":"template-technologies.php","meta":{"_acf_changed":false,"footnotes":""},"class_list":["post-8985","page","type-page","status-publish","hentry"],"acf":[],"_links":{"self":[{"href":"https:\/\/enertisapplus.com\/br\/wp-json\/wp\/v2\/pages\/8985","targetHints":{"allow":["GET"]}}],"collection":[{"href":"https:\/\/enertisapplus.com\/br\/wp-json\/wp\/v2\/pages"}],"about":[{"href":"https:\/\/enertisapplus.com\/br\/wp-json\/wp\/v2\/types\/page"}],"author":[{"embeddable":true,"href":"https:\/\/enertisapplus.com\/br\/wp-json\/wp\/v2\/users\/5"}],"replies":[{"embeddable":true,"href":"https:\/\/enertisapplus.com\/br\/wp-json\/wp\/v2\/comments?post=8985"}],"version-history":[{"count":2,"href":"https:\/\/enertisapplus.com\/br\/wp-json\/wp\/v2\/pages\/8985\/revisions"}],"predecessor-version":[{"id":8991,"href":"https:\/\/enertisapplus.com\/br\/wp-json\/wp\/v2\/pages\/8985\/revisions\/8991"}],"wp:attachment":[{"href":"https:\/\/enertisapplus.com\/br\/wp-json\/wp\/v2\/media?parent=8985"}],"curies":[{"name":"wp","href":"https:\/\/api.w.org\/{rel}","templated":true}]}}