{"id":103,"date":"2014-06-18T10:32:45","date_gmt":"2014-06-18T08:32:45","guid":{"rendered":"http:\/\/www.enertis.es\/?page_id=103"},"modified":"2025-04-21T13:13:46","modified_gmt":"2025-04-21T11:13:46","slug":"ingenieria","status":"publish","type":"page","link":"https:\/\/enertisapplus.com\/es\/ingenieria\/","title":{"rendered":"Ingenier\u00eda"},"content":{"rendered":"\n<p>Gracias a nuestra experiencia y profundo conocimiento t\u00e9cnico, ofrecemos las mejores soluciones para las necesidades espec\u00edficas de nuestros clientes.<\/p>\n\n\n\n<p>Con nuestros servicios de ingenier\u00eda, damos apoyo a nuestros clientes, especialmente empresas de ingenier\u00eda y desarrollo de proyectos (<em>Engineering, Procurement and Construction <\/em>o EPC, por sus siglas en ingl\u00e9s), en todas las fases de sus proyectos renovables, desde la planificaci\u00f3n y el dise\u00f1o hasta la operaci\u00f3n. Confiando en nuestros servicios, nuestros clientes se aseguran que el dise\u00f1o de sus proyectos cumple con los est\u00e1ndares de calidad requeridos, un elemento fundamental para garantizar el rendimiento de los activos a largo plazo.<\/p>\n\n\n\n<p>Adem\u00e1s, ofrecemos servicios de ingenier\u00eda espec\u00edficos para <a href=\"https:\/\/www.enertisapplus.com\/es\/sistemas-almacenamiento-energia\/\">proyectos de almacenamiento de energ\u00eda en bater\u00edas (BESS)<\/a>.<\/p>\n\n\n\n<p>Perseguimos la excelencia asegurando la calidad y la mejora continua de nuestras actividades y procesos, alcanzando los m\u00e1s altos est\u00e1ndares de calidad acreditados seg\u00fan la norma ISO 9001.<\/p>\n\n\n<div class=\"wp-block-image is-resized\">\n<figure class=\"aligncenter size-full\"><a href=\"https:\/\/www.enertisapplus.com\/wp-content\/uploads\/2023\/07\/MARCA-LRQA-ISO-9001-2015_RGB.jpeg\"><img loading=\"lazy\" decoding=\"async\" width=\"480\" height=\"512\" src=\"https:\/\/www.enertisapplus.com\/wp-content\/uploads\/2023\/07\/MARCA-LRQA-ISO-9001-2015_RGB.jpeg\" alt=\"\" class=\"wp-image-7393\" style=\"width:256px;height:auto\" srcset=\"https:\/\/enertisapplus.com\/wp-content\/uploads\/2023\/07\/MARCA-LRQA-ISO-9001-2015_RGB.jpeg 480w, https:\/\/enertisapplus.com\/wp-content\/uploads\/2023\/07\/MARCA-LRQA-ISO-9001-2015_RGB-281x300.jpeg 281w\" sizes=\"auto, (max-width: 480px) 100vw, 480px\" \/><\/a><\/figure>\n<\/div>\n\n\n<p>Descubre toda la informaci\u00f3n sobre nuestros servicios de ingenier\u00eda:<\/p>\n\n\n\r\n    <div class=\"bloque fases-engineering bloque-servicios\">\r\n\r\n        <div id=\"contenido_pestanas\">\r\n            <ul class=\"fases\">\r\n\t\t\t\t                        <li>\r\n\t\t\t\t\t\t\t<h3>1<\/h3>                            <a href=\"#opcion1\">\r\n\t\t\t\t\t\t\t\t<svg width=\"69.5px\" height=\"75.0805061px\" viewBox=\"0 0 69.5 75.0805061\" version=\"1.1\" xmlns=\"http:\/\/www.w3.org\/2000\/svg\" xmlns:xlink=\"http:\/\/www.w3.org\/1999\/xlink\">\r\n    <g id=\"Page-1\" stroke=\"none\" stroke-width=\"1\" fill=\"none\" fill-rule=\"evenodd\">\r\n        <g id=\"Group\" fill=\"#3F5666\" fill-rule=\"nonzero\">\r\n            <path d=\"M65.2,72.5805061 L59.3,72.5805061 L59.3,70.4805061 L59.3,70.4805061 L59.3,70.3805061 L59.3,70.3805061 C59.3,69.6805061 58.7,69.0805061 58,69.0805061 C57.3,69.0805061 56.7,69.6805061 56.7,70.3805061 L56.7,70.3805061 L56.7,72.5805061 L52.4,72.5805061 L52.4,70.3805061 L52.4,70.3805061 C52.4,69.6805061 51.8,69.0805061 51.1,68.9805061 C50.7,68.9805061 50.4,69.0805061 50.1,69.3805061 C49.8,69.5805061 49.7,69.9805061 49.7,70.3805061 L49.7,72.5805061 L45.4,72.5805061 L45.4,70.3805061 L45.4,70.3805061 C45.4,69.6805061 44.8,69.0805061 44.1,68.9805061 C43.4,68.9805061 42.8,69.5805061 42.7,70.2805061 L42.7,70.2805061 L42.7,70.2805061 L42.7,72.4805061 L38.4,72.4805061 L38.4,70.2805061 L38.4,70.2805061 L38.4,70.1805061 L38.4,70.1805061 C38.4,69.4805061 37.8,68.8805061 37.1,68.8805061 C36.4,68.8805061 35.8,69.4805061 35.8,70.1805061 L35.8,70.1805061 L35.8,72.3805061 L31.5,72.3805061 L31.5,70.0805061 L31.5,70.0805061 C31.5,69.3805061 30.9,68.7805061 30.2,68.6805061 C29.8,68.6805061 29.5,68.7805061 29.2,69.0805061 C28.9,69.3805061 28.8,69.6805061 28.8,70.0805061 L28.8,72.3805061 L24.5,72.3805061 L24.5,70.0805061 L24.5,70.0805061 C24.5,69.3805061 23.9,68.7805061 23.2,68.7805061 C22.5,68.7805061 21.9,69.3805061 21.9,70.0805061 L21.9,70.0805061 L21.9,72.3805061 L17.5,72.3805061 L17.5,70.0805061 L17.5,70.0805061 C17.5,69.3805061 16.9,68.7805061 16.2,68.7805061 L16.2,68.7805061 C15.8,68.7805061 15.5,68.8805061 15.3,69.1805061 C15,69.4805061 14.9,69.7805061 14.9,70.1805061 L14.9,72.4805061 L14.9,72.4805061 L14.9,72.5805061 L10.2,72.5805061 L10.2,70.1805061 L10.2,70.1805061 C10.2,69.4805061 9.7,68.7805061 8.9,68.7805061 L8.9,68.7805061 C8.5,68.7805061 8.2,68.8805061 7.9,69.1805061 C7.6,69.4805061 7.5,69.7805061 7.5,70.1805061 L7.5,72.5805061 L2.7,72.5805061 L2.7,67.0805061 L5.2,67.0805061 C5.9,67.0805061 6.5,66.4805061 6.5,65.7805061 C6.5,65.0805061 5.9,64.4805061 5.2,64.4805061 L2.8,64.4805061 L2.8,60.0805061 L5.2,60.0805061 C5.9,60.0805061 6.5,59.4805061 6.6,58.7805061 C6.6,58.3805061 6.5,58.0805061 6.2,57.7805061 C5.9,57.4805061 5.6,57.3805061 5.3,57.3805061 L2.8,57.3805061 L2.8,52.9805061 L3,52.9805061 L5.3,52.9805061 C6,52.9805061 6.6,52.3805061 6.7,51.6805061 C6.7,50.9805061 6.1,50.3805061 5.4,50.2805061 L5.4,50.2805061 L3.1,50.2805061 C3,50.2805061 3,50.2805061 2.9,50.2805061 L2.9,45.8805061 L5.4,45.8805061 C6.1,45.8805061 6.7,45.2805061 6.8,44.5805061 L6.8,44.5805061 C6.8,43.8805061 6.2,43.2805061 5.5,43.1805061 L3.2,43.1805061 C3.1,43.1805061 3,43.1805061 3,43.1805061 L3,38.7805061 C3.1,38.7805061 3.2,38.7805061 3.2,38.7805061 L5.5,38.7805061 C6.2,38.7805061 6.8,38.1805061 6.9,37.4805061 C6.9,36.7805061 6.3,36.1805061 5.5,36.1805061 L5.5,36.1805061 L3.2,36.1805061 C3.1,36.1805061 3,36.1805061 2.9,36.1805061 L2.9,31.7805061 C3,31.7805061 3.1,31.7805061 3.2,31.8805061 L5.5,31.8805061 C6.2,31.8805061 6.8,31.2805061 6.8,30.5805061 C6.8,29.8805061 6.2,29.2805061 5.5,29.2805061 L3.2,29.2805061 C3.1,29.2805061 3,29.2805061 2.9,29.3805061 L2.9,24.8805061 C3,24.8805061 3.1,24.9805061 3.2,24.9805061 L5.5,24.9805061 C6.2,24.9805061 6.8,24.3805061 6.9,23.6805061 C6.9,23.2805061 6.8,22.9805061 6.5,22.6805061 C6.3,22.3805061 5.9,22.2805061 5.6,22.2805061 L3.3,22.2805061 C3.2,22.2805061 3.1,22.2805061 3,22.3805061 L3,17.6805061 C3.1,17.6805061 3.2,17.7805061 3.3,17.7805061 L5.6,17.7805061 C6.3,17.7805061 6.9,17.1805061 7,16.4805061 C7,15.6805061 6.4,15.0805061 5.7,15.0805061 L5.7,15.0805061 L3.4,15.0805061 C3.3,15.0805061 3.2,15.0805061 3.1,15.1805061 L3.1,4.68050615 L65.2,72.5805061 Z M0.9,0.0805061467 C0.4,0.280506147 0,0.780506147 0,1.28050615 L0,73.7805061 C0,74.4805061 0.6,75.0805061 1.3,75.0805061 L68.2,75.0805061 C68.7,75.0805061 69.2,74.7805061 69.4,74.2805061 C69.5,74.0805061 69.5,73.8805061 69.5,73.7805061 C69.5,73.4805061 69.4,73.0805061 69.1,72.8805061 L2.2,0.380506147 C2,0.0805061467 1.5,-0.119493853 0.9,0.0805061467\" id=\"Shape\"><\/path>\r\n            <path d=\"M32,57.9805061 L17.3,57.9805061 L17.3,41.9805061 L32,57.9805061 Z M14.6,38.5805061 L14.6,59.3805061 C14.6,60.0805061 15.2,60.6805061 15.9,60.6805061 L35,60.6805061 C35.7,60.6805061 36.3,60.0805061 36.3,59.3805061 C36.3,59.0805061 36.2,58.6805061 35.9,58.4805061 L17,37.6805061 C16.5,37.1805061 15.7,37.0805061 15.1,37.5805061 L15.1,37.5805061 C14.8,37.8805061 14.6,38.1805061 14.6,38.5805061\" id=\"Shape\"><\/path>\r\n        <\/g>\r\n    <\/g>\r\n<\/svg>                                <span class=\"mas simbolo\">+<\/span>\r\n                                <span class=\"menos simbolo\">\u2013<\/span>\r\n                            <\/a>\r\n                            <h4>Pre-planificaci\u00f3n<\/h4>\r\n\r\n                        <\/li>\r\n\t\t\t\t\t\t                        <li>\r\n\t\t\t\t\t\t\t<h3>2<\/h3>                            <a href=\"#opcion2\">\r\n\t\t\t\t\t\t\t\t<svg width=\"54.7px\" height=\"80px\" viewBox=\"0 0 54.7 80\" version=\"1.1\" xmlns=\"http:\/\/www.w3.org\/2000\/svg\" xmlns:xlink=\"http:\/\/www.w3.org\/1999\/xlink\">\r\n    <g id=\"Page-1\" stroke=\"none\" stroke-width=\"1\" fill=\"none\" fill-rule=\"evenodd\">\r\n        <g id=\"Group\" fill=\"#3F5666\" fill-rule=\"nonzero\">\r\n            <path d=\"M14.3,33.4 C13.9,33.4 13.6,33.3 13.3,33 L10.6,30.3 C10,29.7 10,28.9 10.6,28.3 C11.2,27.7 12,27.7 12.6,28.3 L14.4,30.1 L18.9,25.6 C19.5,25 20.3,25 20.9,25.6 C21.5,26.2 21.5,27 20.9,27.6 L15.4,33.1 C15.1,33.3 14.7,33.4 14.3,33.4\" id=\"Path\"><\/path>\r\n            <path d=\"M43.1,30.7 L26.6,30.7 C25.8,30.7 25.2,30.1 25.2,29.3 C25.2,28.5 25.8,27.9 26.6,27.9 L43.1,27.9 C43.9,27.9 44.5,28.5 44.5,29.3 C44.5,30.1 43.9,30.7 43.1,30.7\" id=\"Path\"><\/path>\r\n            <path d=\"M14.3,57.2 C13.9,57.2 13.6,57.1 13.3,56.8 L10.6,54.1 C10,53.5 10,52.7 10.6,52.1 C11.2,51.5 12,51.5 12.6,52.1 L14.4,53.9 L18.9,49.4 C19.5,48.8 20.3,48.8 20.9,49.4 C21.5,50 21.5,50.8 20.9,51.4 L15.4,56.9 C15.1,57 14.7,57.2 14.3,57.2\" id=\"Path\"><\/path>\r\n            <path d=\"M43.1,54.5 L26.6,54.5 C25.8,54.6 25.2,54 25.1,53.2 C25,52.4 25.6,51.8 26.4,51.7 L26.6,51.7 L43.1,51.7 C43.9,51.6 44.5,52.2 44.6,53 C44.7,53.8 44.1,54.4 43.3,54.5 C43.2,54.5 43.2,54.5 43.1,54.5\" id=\"Path\"><\/path>\r\n            <path d=\"M14.3,69.1 C13.9,69.1 13.6,69 13.3,68.7 L10.6,66 C10,65.4 10,64.6 10.6,64 C11.2,63.4 12,63.4 12.6,64 L14.4,65.8 L18.9,61.3 C19.5,60.7 20.3,60.7 20.9,61.3 C21.5,61.9 21.5,62.7 20.9,63.3 L15.4,68.8 C15,69 14.7,69.1 14.3,69.1\" id=\"Path\"><\/path>\r\n            <path d=\"M43.1,66.3 L26.6,66.3 C25.8,66.3 25.2,65.7 25.2,64.9 C25.2,64.1 25.8,63.5 26.6,63.5 L43.1,63.5 C43.9,63.5 44.5,64.1 44.5,64.9 C44.5,65.7 43.9,66.3 43.1,66.3 Z\" id=\"Path\"><\/path>\r\n            <path d=\"M14.3,45.3 C13.9,45.3 13.6,45.2 13.3,44.9 L10.6,42.2 C10,41.6 10,40.8 10.6,40.2 C11.2,39.6 12,39.6 12.6,40.2 L14.4,42 L18.9,37.5 C19.5,36.9 20.3,36.9 20.9,37.5 C21.5,38.1 21.5,38.9 20.9,39.5 L15.4,45 C15.1,45.2 14.7,45.3 14.3,45.3\" id=\"Path\"><\/path>\r\n            <path d=\"M43.1,42.6 L26.6,42.6 C25.8,42.6 25.2,42 25.2,41.2 C25.2,40.4 25.8,39.8 26.6,39.8 L43.1,39.8 C43.9,39.8 44.5,40.4 44.5,41.2 C44.5,42 43.9,42.6 43.1,42.6\" id=\"Path\"><\/path>\r\n            <path d=\"M27.3,8.5 C28.3,8.5 29.1,9.3 29.1,10.3 C29.1,11.3 28.3,12.1 27.3,12.1 C26.3,12.1 25.5,11.3 25.5,10.3 C25.5,9.3 26.3,8.5 27.3,8.5\" id=\"Path\"><\/path>\r\n            <path d=\"M3.2,76.8 L3.2,13.3 L11.5,13.3 L11.5,15.6 C11.5,16.6 12.3,17.4 13.3,17.5 L41.4,17.5 C42.4,17.5 43.2,16.7 43.2,15.7 L43.2,13.4 L51.5,13.4 L51.5,76.9 L3.2,76.8 Z M16.9,8.3 L22.7,8.3 C24.5,8.3 25.9,6.9 25.9,5.1 L25.9,4.7 C25.9,3.9 26.5,3.3 27.3,3.3 C28.1,3.3 28.7,3.9 28.7,4.7 L28.7,5.1 C28.7,6.9 30.1,8.3 31.9,8.3 L37.7,8.3 C38.7,8.3 39.5,9.1 39.5,10.1 L39.5,14.3 L15.1,14.3 L15.1,10.1 C15.1,9.1 15.9,8.3 16.9,8.3 M53.3,10.2 L42.7,10.2 L42.7,9.7 C42.5,7.1 40.4,5.1 37.8,5.1 L32,5.1 L32,4.6 C32,2 29.9,0 27.4,0 C24.9,0 22.8,2.1 22.8,4.6 L22.8,5.1 L17,5.1 C14.4,5.1 12.3,7.1 12.1,9.7 L12.1,10.2 L1.4,10.2 C0.7,10.2 0.1,10.8 0,11.5 L0,78.7 C0,79.4 0.6,80 1.4,80 L53.4,80 C54.1,80 54.7,79.4 54.7,78.7 L54.7,11.5 C54.7,10.8 54.1,10.2 53.3,10.2\" id=\"Shape\"><\/path>\r\n        <\/g>\r\n    <\/g>\r\n<\/svg>                                <span class=\"mas simbolo\">+<\/span>\r\n                                <span class=\"menos simbolo\">\u2013<\/span>\r\n                            <\/a>\r\n                            <h4>Planificaci\u00f3n y desarrollo<\/h4>\r\n\r\n                        <\/li>\r\n\t\t\t\t\t\t                        <li>\r\n\t\t\t\t\t\t\t<h3>3<\/h3>                            <a href=\"#opcion3\">\r\n\t\t\t\t\t\t\t\t<svg width=\"67px\" height=\"76.6px\" viewBox=\"0 0 67 76.6\" version=\"1.1\" xmlns=\"http:\/\/www.w3.org\/2000\/svg\" xmlns:xlink=\"http:\/\/www.w3.org\/1999\/xlink\">\r\n    <title>Shape<\/title>\r\n    <g id=\"Page-1\" stroke=\"none\" stroke-width=\"1\" fill=\"none\" fill-rule=\"evenodd\">\r\n        <path d=\"M62.2,44.6 C62.2,46.4 60.8,47.8 59,47.8 L59,41.3 C60.1,41 61.1,40.7 62.2,40.3 L62.2,44.6 Z M44.6,41 L44.6,38 C49.4,37.4 54.1,36.3 58.7,34.7 L61.9,37 C56.3,39 50.5,40.3 44.6,41 M55.8,51 C56.1,63.3 46.3,73.5 34,73.8 C21.7,74.1 11.5,64.3 11.2,52 C11.2,51.7 11.2,51.4 11.2,51.1 L11.2,42.3 C16.9,43.8 22.8,44.7 28.7,45 L31.9,45.1 L33.5,45.1 L35.1,45.1 L38.3,45 C44.2,44.7 50.1,43.8 55.8,42.3 L55.8,51 Z M8,47.8 C6.2,47.8 4.8,46.4 4.8,44.6 L4.8,40.3 C5.9,40.7 6.9,41 8,41.3 L8,47.8 Z M8.3,34.7 C12.9,36.3 17.6,37.4 22.4,38 L22.4,41 C16.5,40.3 10.7,38.9 5.1,37 L8.3,34.7 Z M11.2,27.1 C11.2,17.9 16.9,9.6 25.5,6.3 L25.5,28.6 L23.9,28.6 C23.5,28.6 23.1,28.8 22.8,29.1 C22.5,29.4 22.3,29.8 22.3,30.2 L22.3,34.7 C18.5,34.2 14.8,33.4 11.1,32.2 L11.2,27.1 Z M41.5,31.8 L41.5,41.3 C38.9,41.5 36.2,41.7 33.5,41.7 C30.8,41.7 28.2,41.6 25.5,41.3 L25.5,31.8 L41.5,31.8 Z M28.7,3.1 L38.3,3.1 L38.3,28.6 L28.7,28.6 L28.7,3.1 Z M41.5,6.2 C50.1,9.5 55.8,17.8 55.8,27 L55.8,32.2 C52.2,33.4 48.4,34.2 44.6,34.7 L44.6,30.2 C44.6,29.3 43.9,28.6 43,28.6 L41.5,28.6 L41.5,6.2 Z M66.3,36.1 L59.9,31.6 C59.6,31.4 59.3,31.3 59,31.3 L59,27 C59,16 51.9,6.3 41.5,2.9 L41.5,1.6 C41.5,0.7 40.8,0 39.9,0 L27.1,0 C26.2,0 25.5,0.7 25.5,1.6 L25.5,2.9 C15,6.3 8,16.1 8,27.1 L8,31.4 C7.7,31.4 7.4,31.5 7.1,31.7 L0.7,36.2 C0.2,36.5 0,37.1 0,37.7 C0.1,38.3 0.5,38.8 1,39 L1.6,39.2 L1.6,44.7 C1.6,48.2 4.5,51.1 8,51.1 C8,65.2 19.4,76.6 33.5,76.6 C47.6,76.6 59,65.2 59,51.1 C62.5,51.1 65.4,48.2 65.4,44.7 L65.4,39.3 C65.6,39.2 65.8,39.2 66,39.1 C66.5,38.9 66.9,38.4 67,37.8 C67,37.1 66.8,36.5 66.3,36.1\" id=\"Shape\" fill=\"#3F5666\" fill-rule=\"nonzero\"><\/path>\r\n    <\/g>\r\n<\/svg>                                <span class=\"mas simbolo\">+<\/span>\r\n                                <span class=\"menos simbolo\">\u2013<\/span>\r\n                            <\/a>\r\n                            <h4>Implementaci\u00f3n y construcci\u00f3n<\/h4>\r\n\r\n                        <\/li>\r\n\t\t\t\t\t\t            <\/ul>\r\n            <div class=\"fases-opciones\">\r\n                                        <div>\r\n                            <div id=\"opcion1\" class=\"opcion\">\r\n                                <h3>Pre-planificaci\u00f3n<\/h3>                                <section class=\"opcion-contenido\">\r\n                                    <ul>\n<li>Estudios de viabilidad<\/li>\n<li>Asistencia para la selecci\u00f3n y b\u00fasqueda de emplazamientos<\/li>\n<li>Ingenier\u00eda conceptual<\/li>\n<li>Evaluaci\u00f3n de las conexiones a red<\/li>\n<li><a href=\"https:\/\/www.enertisapplus.com\/es\/sistemas-almacenamiento-energia\/\">An\u00e1lisis de viabilidad t\u00e9cnico-econ\u00f3mica con nuestro software SIMUBATT + Enertis <\/a>\n<ul>\n<li> Hibridaci\u00f3n de las tecnolog\u00edas solar FV, e\u00f3lica y BESS para proyectos de servicios p\u00fablicos o C&#038;I (centros de datos, etc.) para proyectos internacionales <\/li>\n<li>Standalone BESS <\/li>\n<\/ul>\n<\/li>\n<li>An\u00e1lisis de viabilidad t\u00e9cnico-econ\u00f3mica de proyectos de hidr\u00f3geno verde\n<\/li>\n<li>BESS &#038; Ingenier\u00eda conceptual de hibridaci\u00f3n<\/li>\n<\/ul>\n                                <\/section>\r\n                            <\/div>\r\n                        <\/div>\r\n                                                <div>\r\n                            <div id=\"opcion2\" class=\"opcion\">\r\n                                <h3>Planificaci\u00f3n y desarrollo<\/h3>                                <section class=\"opcion-contenido\">\r\n                                    <ul>\n<li>Ingenier\u00eda de la propiedad<\/li>\n<li>Asistencia para legalizaci\u00f3n y obtenci\u00f3n de permisos<\/li>\n<li>Estudios de producci\u00f3n energ\u00e9tica<\/li>\n<li>Estudios de suficiencia tecnol\u00f3gica<\/li>\n<li>Soporte a los contratos EPC y O&amp;M<\/li>\n<\/ul>\n                                <\/section>\r\n                            <\/div>\r\n                        <\/div>\r\n                                                <div>\r\n                            <div id=\"opcion3\" class=\"opcion\">\r\n                                <h3>Implementaci\u00f3n y construcci\u00f3n<\/h3>                                <section class=\"opcion-contenido\">\r\n                                    <ul>\n<li>Ingenier\u00eda b\u00e1sica y de detalle<\/li>\n<li>Asistencia para contratos EPC<\/li>\n<li>Programa de aseguramiento de la calidad de la construcci\u00f3n<\/li>\n<li>Inspecci\u00f3n t\u00e9cnica durante la fase de construcci\u00f3n<\/li>\n<li>Supervisi\u00f3n de la construcci\u00f3n y puesta en marcha<\/li>\n<li>Dise\u00f1o de voltaje y conexi\u00f3n de red<\/li>\n<li>An\u00e1lisis estructural de dise\u00f1o y obra<\/li>\n<li>Dise\u00f1o conceptual de integraci\u00f3n de tecnolog\u00edas fotovoltaica y BESS<\/li>\n<\/ul>\n                                <\/section>\r\n                            <\/div>\r\n                        <\/div>\r\n                                    <\/div>\r\n        <\/div>\r\n\r\n    <\/div><!-- \/ .bloque -->\r\n\r\n\n\n\r\n    <div class=\"bloque bloque-proyectos-destacados\">\r\n        \r\n\t\t\t                <h2 style=\"margin-bottom: 40px; text-align: center;\">Proyectos destacados<\/h2>\r\n\t\t\t\r\n\t\t\t\r\n            <div class=\"bloque-proyectos-destacados__listado\">\r\n\r\n\t\t\t\t\r\n                        <div class=\"bloque-proyectos-destacados__proyecto\">\r\n\t\t\t\t\t\t\t                                <img decoding=\"async\" src=\"https:\/\/enertisapplus.com\/wp-content\/uploads\/2020\/12\/Amin-PV-Plant_2.jpg\"\r\n                                     width=\"640\"\r\n                                     height=\"307\" loading=\"lazy\"\/>\r\n\t\t\t\t\t\t\t\t\r\n                            <h3>Planta FV Am\u00edn<\/h3>\r\n\t\t\t\t\t\t\t                                <p><strong>Pa\u00eds:<\/strong> Om\u00e1n, Oriente Medio<\/p>\r\n\t\t\t\t\t\t\t                                <p><strong>Potencia:<\/strong> 105 MW<\/p>\r\n\t\t\t\t\t\t\t                                <p><strong>Servicio(s):<\/strong> Control de calidad, Ingenier\u00eda de detalle<\/p>\r\n\t\t\t\t\t\t\t                                <p><strong>Cliente(s):<\/strong> Marubeni<\/p>\r\n\t\t\t\t\t\t\t                            <div class=\"mas-info\">\r\n                                <p>\r\n                                    <p>Enertis Applus+ prest\u00f3 servicios de Ingenier\u00eda de la Propiedad para la planta solar fotovoltaica Amin de 105 MW ubicada en el Sultanato de Om\u00e1n. El proyecto es uno de los parques solares m\u00e1s grandes de Oriente Medio que utiliza m\u00f3dulos fotovoltaicos bifaciales y, con la firma de un acuerdo de compraventa de energ\u00eda a largo plazo (PPA) de 23 a\u00f1os, tiene una empresa de petr\u00f3leo y gas, Petroleum Development Oman LLC (PDO), como \u00fanico comprador mayorista de energ\u00eda.<\/p>\n<p>Enertis Applus+ tambi\u00e9n ha realizado servicios relacionados con las Pruebas de Aceptaci\u00f3n Final (FAT) durante la fabricaci\u00f3n de m\u00f3dulos fotovoltaicos bifaciales en China. Adem\u00e1s, Enertis Applus+ ha desplegado in situ un equipo experimentado para supervisar las actividades de construcci\u00f3n, asegurar el cumplimiento de las obligaciones contractuales y verificar la calidad de las obras.<\/p>\n                                <\/p>\r\n                            <\/div>\r\n                            <div class=\"wp-block-buttons\">\r\n                                <div class=\"wp-block-button\"><a class=\"wp-block-button__link\"><span class=\"mas\">+<\/span><span class=\"menos\">&#8211;<\/span> INFO<\/a><\/div>\r\n                            <\/div>\r\n                        <\/div><!-- \/ .proyecto -->\r\n\t\t\t\t\t\t\r\n                        <div class=\"bloque-proyectos-destacados__proyecto\">\r\n\t\t\t\t\t\t\t                                <img decoding=\"async\" src=\"https:\/\/enertisapplus.com\/wp-content\/uploads\/2023\/05\/Portfolio-of-PV-projects-in-Spain_2.jpg\"\r\n                                     width=\"640\"\r\n                                     height=\"307\" loading=\"lazy\"\/>\r\n\t\t\t\t\t\t\t\t\r\n                            <h3>Portfolio de proyectos fotovoltaicos en Espa\u00f1a<\/h3>\r\n\t\t\t\t\t\t\t                                <p><strong>Pa\u00eds:<\/strong> Espa\u00f1a<\/p>\r\n\t\t\t\t\t\t\t                                <p><strong>Potencia:<\/strong> 112 MW<\/p>\r\n\t\t\t\t\t\t\t                                <p><strong>Servicio(s):<\/strong> Ingenier\u00eda de la propiedad<\/p>\r\n\t\t\t\t\t\t\t                                <p><strong>Cliente(s):<\/strong> RWE Renewables<\/p>\r\n\t\t\t\t\t\t\t                            <div class=\"mas-info\">\r\n                                <p>\r\n                                    <p>Enertis Applus+ ha prestado servicios de ingenier\u00eda de la propiedad en tres plantas fotovoltaicas de RWE Renewables. \u00c9stas suman una potencia total de 112 MW y se encuentran en Espa\u00f1a. Este servicio incluye apoyo y asistencia en las fases de dise\u00f1o, planificaci\u00f3n, construcci\u00f3n y puesta en marcha de los proyectos, con el fin de asegurar la calidad de estos activos a lo largo de toda su vida \u00fatil.<\/p>\n                                <\/p>\r\n                            <\/div>\r\n                            <div class=\"wp-block-buttons\">\r\n                                <div class=\"wp-block-button\"><a class=\"wp-block-button__link\"><span class=\"mas\">+<\/span><span class=\"menos\">&#8211;<\/span> INFO<\/a><\/div>\r\n                            <\/div>\r\n                        <\/div><!-- \/ .proyecto -->\r\n\t\t\t\t\t\t            <\/div><!-- \/ .bloque-proyectos-destacados__listado -->\r\n            <\/div><!-- \/ .bloque -->\r\n\r\n\t\n\n\r\n    <div class=\"bloque bloque-clientes\">\r\n\r\n\t\t            <h2 style=\"margin-bottom: 40px; text-align: center;\">Algunos de nuestros clientes<\/h2>\r\n\t\t\r\n        <ul class=\"logos-clientes\">\r\n\r\n\t\t\t<li class=\"logo \">\t\t\t\t                <img decoding=\"async\" src=\"https:\/\/enertisapplus.com\/wp-content\/uploads\/2023\/07\/logo-aes.png\"\r\n                     alt=\"\"\/>\r\n\t\t\t\t<\/li><li class=\"logo par\">\t\t\t\t                <img decoding=\"async\" src=\"https:\/\/enertisapplus.com\/wp-content\/uploads\/2023\/07\/logo-naturgy.png\"\r\n                     alt=\"\"\/>\r\n\t\t\t\t<\/li><li class=\"logo last \">\t\t\t\t                <img decoding=\"async\" src=\"https:\/\/enertisapplus.com\/wp-content\/uploads\/2023\/07\/logo-engie.png\"\r\n                     alt=\"\"\/>\r\n\t\t\t\t<\/li><li class=\"logo par\">\t\t\t\t                <img decoding=\"async\" src=\"https:\/\/enertisapplus.com\/wp-content\/uploads\/2023\/07\/RWE.png\"\r\n                     alt=\"\"\/>\r\n\t\t\t\t<\/li>\r\n        <\/ul>\r\n\r\n    <\/div><!-- \/ .bloque-logos -->\r\n\r\n\n\n\r\n\t<div class=\"bloque bloque-contacto alignfull\">\r\n\r\n\t\t<div class=\"contenedor\">\r\n\r\n\t\t\t\t\t\t\t<h3 style=\"margin-bottom: 40px;\">Cont\u00e1ctanos para m\u00e1s informaci\u00f3n <\/h3>\r\n\t\t\t\r\n\t\t\t<div class=\"bloque-contacto__contenido\">\r\n\r\n\t\t\t\t                    <img decoding=\"async\" src=\"https:\/\/enertisapplus.com\/wp-content\/uploads\/2024\/04\/aitor.jpg\" loading=\"lazy\" width=\"500\" height=\"500\" \/>\r\n\r\n                \t\t\t\t<div class=\"bloque-contacto__contenido__persona\">\r\n                                            <h4>Aitor Ilundain<\/h4>\r\n                        <p>Head of Engineering &amp; Construction Management<\/p>\r\n                    \t\t\t\t\t<a href=\"https:\/\/www.enertisapplus.com\/contact\/\" title=\"Aitor Ilundain\">\r\n\t\t\t\t\t\tContacto\t\t\t\t\t<\/a>\r\n\t\t\t\t<\/div><!-- \/ .bloque-contacto__contenido__persona -->\r\n\r\n\t\t\t<\/div><!-- \/ .bloque-contacto__contenido -->\r\n\r\n\t\t<\/div><!-- \/.contenedor -->\r\n\r\n\t<\/div><!-- \/ .bloque-contacto -->\r\n\r\n","protected":false},"excerpt":{"rendered":"<p>Gracias a nuestra experiencia y profundo conocimiento t\u00e9cnico, ofrecemos las mejores soluciones para las necesidades espec\u00edficas de nuestros clientes. Con [&hellip;]<\/p>\n","protected":false},"author":5,"featured_media":0,"parent":0,"menu_order":3,"comment_status":"open","ping_status":"closed","template":"template-services.php","meta":{"_acf_changed":false,"footnotes":""},"class_list":["post-103","page","type-page","status-publish","hentry"],"acf":[],"_links":{"self":[{"href":"https:\/\/enertisapplus.com\/es\/wp-json\/wp\/v2\/pages\/103","targetHints":{"allow":["GET"]}}],"collection":[{"href":"https:\/\/enertisapplus.com\/es\/wp-json\/wp\/v2\/pages"}],"about":[{"href":"https:\/\/enertisapplus.com\/es\/wp-json\/wp\/v2\/types\/page"}],"author":[{"embeddable":true,"href":"https:\/\/enertisapplus.com\/es\/wp-json\/wp\/v2\/users\/5"}],"replies":[{"embeddable":true,"href":"https:\/\/enertisapplus.com\/es\/wp-json\/wp\/v2\/comments?post=103"}],"version-history":[{"count":1,"href":"https:\/\/enertisapplus.com\/es\/wp-json\/wp\/v2\/pages\/103\/revisions"}],"predecessor-version":[{"id":8871,"href":"https:\/\/enertisapplus.com\/es\/wp-json\/wp\/v2\/pages\/103\/revisions\/8871"}],"wp:attachment":[{"href":"https:\/\/enertisapplus.com\/es\/wp-json\/wp\/v2\/media?parent=103"}],"curies":[{"name":"wp","href":"https:\/\/api.w.org\/{rel}","templated":true}]}}