{"id":1934,"date":"2017-07-07T13:04:59","date_gmt":"2017-07-07T11:04:59","guid":{"rendered":"http:\/\/www.enertis.es\/?page_id=1934\/"},"modified":"2023-01-13T11:30:00","modified_gmt":"2023-01-13T10:30:00","slug":"politica-de-cookies","status":"publish","type":"page","link":"https:\/\/enertisapplus.com\/es\/politica-de-cookies\/","title":{"rendered":"Pol\u00edtica de Cookies"},"content":{"rendered":"\n<p>El sitio web de ENERTIS SOLAR S.L.U. (en adelante el PORTAL) utiliza Cookies.<\/p>\n\n\n\n<p>Las Cookies son ficheros enviados a un navegador por medio de un servidor web para registrar las actividades del usuario en una web determinada. La primera finalidad de las Cookies es la de facilitar al usuario un acceso m\u00e1s r\u00e1pido a los servicios seleccionados. Adem\u00e1s, las Cookies personalizan los servicios que ofrece el PORTAL, facilitando y ofreciendo a cada usuario informaci\u00f3n que es de su inter\u00e9s o que puede ser de su inter\u00e9s, en atenci\u00f3n al uso que realiza de los servicios.<\/p>\n\n\n\n<p>El PORTAL utiliza Cookies para personalizar y facilitar al m\u00e1ximo la navegaci\u00f3n del usuario. Las Cookies se asocian \u00fanicamente a un usuario an\u00f3nimo y su ordenador y no proporcionan referencias que permitan deducir datos personales del usuario. El usuario podr\u00e1 configurar su navegador para que notifique y rechace la instalaci\u00f3n las Cookies enviadas por el PORTAL, sin que ello perjudique la posibilidad del usuario de acceder a los contenidos. Sin embargo, le hacemos notar que, en todo caso, la calidad de funcionamiento del PORTAL puede disminuir.<\/p>\n\n\n\n<p>Los usuarios registrados, que se registren o que hayan iniciado sesi\u00f3n, podr\u00e1n beneficiarse de unos servicios m\u00e1s personalizados y orientados a su perfil, gracias a la combinaci\u00f3n de los datos almacenados en las Cookies con los datos personales utilizados en el momento de su registro. Dichos usuarios autorizan expresamente el uso de esta informaci\u00f3n con la finalidad indicada, sin perjuicio de su derecho a rechazar o deshabilitar el uso de Cookies.<\/p>\n\n\n\n<p>Asimismo, el PORTAL podr\u00e1 saber todos los servicios solicitados por los usuarios, de forma que podr\u00e1n facilitar u ofrecer informaci\u00f3n adecuada a los gustos y preferencias de cada usuario.<\/p>\n\n\n\n<p><strong>Tipolog\u00eda, finalidad y funcionamiento de las Cookies<\/strong><\/p>\n\n\n\n<p>Las Cookies, en funci\u00f3n de su permanencia, pueden dividirse en \u201cCookies de sesi\u00f3n\u201d o \u201cCookies permanentes\u201d. Las primeras expiran cuando el usuario cierra el navegador. Las segundas expiran en funci\u00f3n de cuando se cumpla el objetivo para el que sirven (por ejemplo, para que el usuario se mantenga identificado en los servicios) o bien cuando se borran manualmente.<\/p>\n\n\n\n<p>En funci\u00f3n de su propietario, pueden dividirse en:<\/p>\n\n\n\n<ul class=\"wp-block-list\">\n<li><strong>Cookies propias:<\/strong> Son aqu\u00e9llas que se env\u00edan al equipo terminal del usuario desde un equipo o dominio gestionado por el propio editor y desde el que se presta el servicio solicitado por el usuario.<\/li>\n\n\n\n<li><strong>Cookies de terceros: <\/strong>&nbsp;que son aqu\u00e9llas que se env\u00edan al equipo terminal del usuario desde un equipo o dominio que no es gestionado por el editor, sino por otra entidad que trata los datos obtenidos trav\u00e9s de las cookies.<\/li>\n<\/ul>\n\n\n\n<p>Adicionalmente, en funci\u00f3n de su objetivo, las Cookies pueden clasificarse de la siguiente forma:<\/p>\n\n\n\n<p><strong>Cookies de rendimiento<\/strong><strong>:<\/strong> Este tipo de Cookie recuerda sus preferencias para las herramientas que se encuentran en los servicios, por lo que no tiene que volver a configurar el servicio cada vez que usted visita. A modo de ejemplo, en esta tipolog\u00eda se incluyen:<\/p>\n\n\n\n<p>\u00b7Ajustes de volumen de reproductores de v\u00eddeo o sonido.<\/p>\n\n\n\n<p>\u00b7 Las velocidades de transmisi\u00f3n de v\u00eddeo que sean compatibles con su navegador.<\/p>\n\n\n\n<p><strong>Cookies de geolocalizaci\u00f3n<\/strong><strong>:<\/strong> Estas Cookies son utilizadas para averiguar en qu\u00e9 pa\u00eds se encuentra cuando se solicita un servicio. Esta Cookie es totalmente an\u00f3nima, y s\u00f3lo se utiliza para ayudar a orientar el contenido a su ubicaci\u00f3n.<\/p>\n\n\n\n<p><strong>Cookies de registro<\/strong><strong>:<\/strong> Las Cookies de registro se generan una vez que el usuario se ha registrado o posteriormente ha abierto su sesi\u00f3n, y se utilizan para identificarle en los servicios con los siguientes objetivos:<\/p>\n\n\n\n<p>Mantener al usuario identificado de forma que, si cierra un servicio, el navegador o el ordenador y en otro momento u otro d\u00eda vuelve a entrar en dicho servicio, seguir\u00e1 identificado, facilitando as\u00ed su navegaci\u00f3n sin tener que volver a identificarse. Esta funcionalidad se puede suprimir si el usuario pulsa la funcionalidad \u201ccerrar sesi\u00f3n\u201d, de forma que esta Cookie se elimina y la pr\u00f3xima vez que entre en el servicio el usuario tendr\u00e1 que iniciar sesi\u00f3n para estar identificado.<\/p>\n\n\n\n<p><strong>Cookies anal\u00edticas<\/strong><strong>:<\/strong> Cada vez que un Usuario visita un servicio, una herramienta de un proveedor externo (Google Analytics, Comscore y similares que podr\u00e1n a\u00f1adirse a este listado en caso de que var\u00eden en relaci\u00f3n con los actuales) genera una Cookie anal\u00edtica en el ordenador del usuario. Esta Cookie que s\u00f3lo se genera en la visita, servir\u00e1 en pr\u00f3ximas visitas a los servicios del PORTAL para identificar de forma an\u00f3nima al visitante. Los objetivos principales que se persiguen son:<\/p>\n\n\n\n<p>Permitir la identificaci\u00f3n an\u00f3nima de los usuarios navegantes a trav\u00e9s de la Cookie&nbsp;(identifica navegadores y dispositivos, no personas) y por lo tanto la contabilizaci\u00f3n aproximada del n\u00famero de visitantes y su tendencia en el tiempo.<\/p>\n\n\n\n<p>Identificar de forma an\u00f3nima los contenidos m\u00e1s visitados y por lo tanto m\u00e1s atractivos para los usuarios.<\/p>\n\n\n\n<p>Saber si el usuario que est\u00e1 accediendo es nuevo o repite visita.<\/p>\n\n\n\n<p><strong>Importante<\/strong><strong>:<\/strong> Salvo que el usuario decida registrarse en un servicio del PORTAL,&nbsp;la Cookie&nbsp;nunca ir\u00e1 asociada a ning\u00fan dato de car\u00e1cter personal que pueda identificarle. Dichas Cookies s\u00f3lo ser\u00e1n utilizadas con prop\u00f3sitos estad\u00edsticos que ayuden a la optimizaci\u00f3n de la experiencia de los usuarios en el PORTAL.<\/p>\n\n\n\n<p>M\u00e1s informaci\u00f3n sobre la pol\u00edtica de privacidad de estas herramientas en:<\/p>\n\n\n\n<p>ComScore: <a href=\"http:\/www.comscore.com\/esl\/About_comScore\/Privacy_Policy\" target=\"_blank\" rel=\"noreferrer noopener\">http:\/www.comscore.com\/esl\/About_comScore\/Privacy_Policy<\/a><\/p>\n\n\n\n<p>Google analytics: <a href=\"https:\/\/www.google.com\/intl\/es\/policies\/privacy\/\" target=\"_blank\" rel=\"noreferrer noopener\">https:\/\/www.google.com\/intl\/es\/policies\/privacy\/<\/a><\/p>\n\n\n\n<p><strong>Cookies de publicidad comportamental:<\/strong>&nbsp;Este tipo de Cookies&nbsp;permite ampliar la informaci\u00f3n de los anuncios mostrados a cada usuario an\u00f3nimo en los servicios del PORTAL.&nbsp;Entre otros, se almacena la duraci\u00f3n o frecuencia de visualizaci\u00f3n de posiciones publicitarias, la interacci\u00f3n con las mismas, o los patrones de navegaci\u00f3n y\/o compartimientos del usuario ya que ayudan a conformar un perfil de inter\u00e9s publicitario. De este modo, permiten ofrecer publicidad af\u00edn a los intereses del usuario.<\/p>\n\n\n\n<p><strong>Cookies publicitarias de terceros:<\/strong>&nbsp;Adem\u00e1s de la publicidad gestionada por el PORTAL en sus servicios, el PORTAL ofrece a sus anunciantes la opci\u00f3n de servir anuncios a trav\u00e9s de terceros (\u201cAdServers\u201d). De este modo, estos terceros pueden almacenar Cookies&nbsp;enviadas desde los servicios del PORTAL procedentes de los navegadores de los usuarios, as\u00ed como acceder a los datos que en ellas se guardan.<\/p>\n\n\n\n<p>Las empresas que generan estas Cookies tienen sus propias pol\u00edticas de privacidad. En la actualidad, EL PORTAL utiliza la plataforma de Real Media y Weborama para gestionar estos servicios:<\/p>\n\n\n\n<p>Para m\u00e1s informaci\u00f3n, acuda:<\/p>\n\n\n\n<p>Real Media: <a href=\"http:\/\/www.realmedia.com\/en-us\/pages\/privacy_policy.html\" target=\"_blank\" rel=\"noreferrer noopener\">http:\/\/www.realmedia.com\/en-us\/pages\/privacy_policy.html<\/a><\/p>\n\n\n\n<p>Weborama: <a href=\"http:\/\/www.weborama.com\/e-privacy\/our-commitment\/\" target=\"_blank\" rel=\"noreferrer noopener\">http:\/\/www.weborama.com\/e-privacy\/our-commitment\/<\/a><\/p>\n\n\n\n<p><strong>Las Cookies que utilizamos en nuestro PORTAL son:<\/strong><strong><\/strong><\/p>\n\n\n\n<p><strong>-De idiomas:<\/strong><\/p>\n\n\n\n<p>_icl_current_admin_language_d41d8cd98f00b204e9800998ecf8427e<br>_icl_current_language<\/p>\n\n\n\n<p><strong>-Del propio wordpress<\/strong><strong><\/strong><\/p>\n\n\n\n<p>wp-settings-1<br>wp-settings-time-1<br>wordpress_test_cookie<\/p>\n\n\n\n<p><strong>-Al estar logado en la cuenta:<\/strong><\/p>\n\n\n\n<p>wordpress_logged_in_<br>wordpress_<\/p>\n\n\n\n<p><strong>Google Analytics:<\/strong>&nbsp;sirven para analizar la experiencia de navegaci\u00f3n del usuario, y permitirnos mejorar nuestro PORTAL para adaptarnos a sus necesidades. Normalmente permanecen un tiempo en el navegador de usuario, hasta que se borren las Cookies del navegador o pase el tiempo definido para su eliminaci\u00f3n. Se llaman _ga, _ga*, y _gid.<\/p>\n\n\n\n<p><strong>C\u00f3mo deshabilitar las Cookies en los principales navegadores<\/strong><strong><\/strong><\/p>\n\n\n\n<p>Normalmente es posible dejar de aceptar las Cookies del navegador, o dejar de aceptar las Cookies de un servicio en particular.<\/p>\n\n\n\n<p>Todos los navegadores modernos permiten cambiar la configuraci\u00f3n de Cookies. Estos ajustes normalmente se encuentran en las \u00a8opciones\u00a8 o \u00a8preferencias\u00a8 del men\u00fa de su navegador. Asimismo, puede configurar su navegador o su gestor de correo electr\u00f3nico, as\u00ed como instalar complementos gratuitos para evitar que se descarguen los Web&nbsp;<em>Bugs<\/em>&nbsp;al abrir un email.<\/p>\n\n\n\n<p>El PORTAL ofrece orientaci\u00f3n al usuario sobre los pasos para acceder al men\u00fa de configuraci\u00f3n de las Cookies&nbsp;y, en su caso, de la navegaci\u00f3n privada en cada uno de los navegadores principales:<\/p>\n\n\n\n<p>Internet Explorer: Herramientas \u2013 &gt; Opciones de Internet \u2013 &gt; Privacidad \u2013 &gt; Configuraci\u00f3n.*<\/p>\n\n\n\n<p><em>*Para m\u00e1s informaci\u00f3n, puede consultar el soporte de Microsoft o la Ayuda del navegador.<\/em><\/p>\n\n\n\n<p>Microsoft Edge: Configuraci\u00f3n y m\u00e1s -&gt; Configuraci\u00f3n -&gt; Borrar datos de exploraci\u00f3n.<\/p>\n\n\n\n<p>Firefox: Herramientas \u2013 &gt; Opciones \u2013 &gt; Privacidad \u2013 &gt; Historial \u2013 &gt; Configuraci\u00f3n personalizada.<\/p>\n\n\n\n<p>Chrome: Configuraci\u00f3n \u2013 &gt; Mostrar opciones avanzadas \u2013 &gt; Privacidad \u2013 &gt; Configuraci\u00f3n de contenido.<\/p>\n\n\n\n<p>Safari: Preferencias \u2013 &gt; Seguridad.*<\/p>\n\n\n\n<p><em>*Para m\u00e1s informaci\u00f3n, puede consultar el soporte de Apple o la Ayuda del navegador.<\/em><\/p>\n\n\n\n<p><strong>Actualizaciones y cambios en la pol\u00edtica de Cookies<\/strong><strong><\/strong><\/p>\n\n\n\n<p>ENERTIS SOLAR, S.L.U. puede modificar esta Pol\u00edtica de Cookies en funci\u00f3n de las exigencias legislativas, reglamentarias, o con la finalidad de adaptar dicha pol\u00edtica a las instrucciones dictadas por la Agencia Espa\u00f1ola de Protecci\u00f3n de Datos, por ello se aconseja su lectura a los usuarios que la visiten peri\u00f3dicamente.<\/p>\n\n\n\n<h1 class=\"wp-block-heading\">&nbsp;<\/h1>\n","protected":false},"excerpt":{"rendered":"<p>El sitio web de ENERTIS SOLAR S.L.U. (en adelante el PORTAL) utiliza Cookies. Las Cookies son ficheros enviados a un [&hellip;]<\/p>\n","protected":false},"author":2,"featured_media":0,"parent":0,"menu_order":0,"comment_status":"closed","ping_status":"closed","template":"","meta":{"_acf_changed":false,"footnotes":""},"class_list":["post-1934","page","type-page","status-publish","hentry"],"acf":[],"_links":{"self":[{"href":"https:\/\/enertisapplus.com\/es\/wp-json\/wp\/v2\/pages\/1934","targetHints":{"allow":["GET"]}}],"collection":[{"href":"https:\/\/enertisapplus.com\/es\/wp-json\/wp\/v2\/pages"}],"about":[{"href":"https:\/\/enertisapplus.com\/es\/wp-json\/wp\/v2\/types\/page"}],"author":[{"embeddable":true,"href":"https:\/\/enertisapplus.com\/es\/wp-json\/wp\/v2\/users\/2"}],"replies":[{"embeddable":true,"href":"https:\/\/enertisapplus.com\/es\/wp-json\/wp\/v2\/comments?post=1934"}],"version-history":[{"count":2,"href":"https:\/\/enertisapplus.com\/es\/wp-json\/wp\/v2\/pages\/1934\/revisions"}],"predecessor-version":[{"id":5424,"href":"https:\/\/enertisapplus.com\/es\/wp-json\/wp\/v2\/pages\/1934\/revisions\/5424"}],"wp:attachment":[{"href":"https:\/\/enertisapplus.com\/es\/wp-json\/wp\/v2\/media?parent=1934"}],"curies":[{"name":"wp","href":"https:\/\/api.w.org\/{rel}","templated":true}]}}