{"id":4085,"date":"2021-07-23T11:44:26","date_gmt":"2021-07-23T09:44:26","guid":{"rendered":"https:\/\/www.enertisapplus.com\/?page_id=4085"},"modified":"2024-06-12T06:31:46","modified_gmt":"2024-06-12T04:31:46","slug":"data-science","status":"publish","type":"page","link":"https:\/\/enertisapplus.com\/es\/data-science\/","title":{"rendered":"Data Science"},"content":{"rendered":"\n<h2 class=\"wp-block-heading h2-simple\">Data Science, anal\u00edtica avanzada y herramientas digitales<\/h2>\n\n\n\n<p>En el marco de nuestra firme apuesta por el I+D y la innovaci\u00f3n, y en l\u00ednea con nuestro objetivo de proporcionar el mejor servicio a nuestros clientes, hemos desarrollado una serie de herramientas innovadoras basadas en metodolog\u00edas de Data Science e incluyendo tecnolog\u00eda de Machine Learning, cuya finalidad es llevar a cabo un an\u00e1lisis y gesti\u00f3n eficiente de los datos que proceden de los proyectos solares fotovoltaicos.&nbsp;<\/p>\n\n\n\n<p>Cada vez disponemos de una mayor cantidad de datos de los activos y una correcta interpretaci\u00f3n a trav\u00e9s de una anal\u00edtica avanzada representa una potente herramienta estrat\u00e9gica que permite orientar la toma de decisiones de las empresas y maximizar el retorno de la inversi\u00f3n.&nbsp;<\/p>\n\n\n\n<div class=\"wp-block-group bloque-login\"><div class=\"wp-block-group__inner-container is-layout-constrained wp-block-group-is-layout-constrained\">\n<p>Ya eres cliente?<\/p>\n\n\n\n<p><strong>Accede al portal de las herramientas de Data Science<\/strong><\/p>\n\n\n\n<p><a href=\"https:\/\/app.enertis.com\/login.php\" target=\"_blank\" rel=\"noreferrer noopener\">Accede<\/a><\/p>\n\n\n\n<div style=\"height:65px\" aria-hidden=\"true\" class=\"wp-block-spacer\"><\/div>\n\n\n\n<figure class=\"wp-block-embed is-type-video is-provider-youtube wp-block-embed-youtube wp-embed-aspect-16-9 wp-has-aspect-ratio\"><div class=\"wp-block-embed__wrapper\">\n<iframe loading=\"lazy\" title=\"Enertis Applus+ Data Science tools\" width=\"640\" height=\"360\" src=\"https:\/\/www.youtube.com\/embed\/bDbgPnvAZS4?list=PLxyfTPQ_cWVBaHL9Xkctz31Ygbesm6CEu\" frameborder=\"0\" allow=\"accelerometer; autoplay; clipboard-write; encrypted-media; gyroscope; picture-in-picture; web-share\" referrerpolicy=\"strict-origin-when-cross-origin\" allowfullscreen><\/iframe>\n<\/div><\/figure>\n<\/div><\/div>\n","protected":false},"excerpt":{"rendered":"<p>Data Science, anal\u00edtica avanzada y herramientas digitales En el marco de nuestra firme apuesta por el I+D y la innovaci\u00f3n, [&hellip;]<\/p>\n","protected":false},"author":5,"featured_media":0,"parent":0,"menu_order":0,"comment_status":"closed","ping_status":"closed","template":"template-data-science.php","meta":{"_acf_changed":false,"footnotes":""},"class_list":["post-4085","page","type-page","status-publish","hentry"],"acf":[],"_links":{"self":[{"href":"https:\/\/enertisapplus.com\/es\/wp-json\/wp\/v2\/pages\/4085","targetHints":{"allow":["GET"]}}],"collection":[{"href":"https:\/\/enertisapplus.com\/es\/wp-json\/wp\/v2\/pages"}],"about":[{"href":"https:\/\/enertisapplus.com\/es\/wp-json\/wp\/v2\/types\/page"}],"author":[{"embeddable":true,"href":"https:\/\/enertisapplus.com\/es\/wp-json\/wp\/v2\/users\/5"}],"replies":[{"embeddable":true,"href":"https:\/\/enertisapplus.com\/es\/wp-json\/wp\/v2\/comments?post=4085"}],"version-history":[{"count":2,"href":"https:\/\/enertisapplus.com\/es\/wp-json\/wp\/v2\/pages\/4085\/revisions"}],"predecessor-version":[{"id":8263,"href":"https:\/\/enertisapplus.com\/es\/wp-json\/wp\/v2\/pages\/4085\/revisions\/8263"}],"wp:attachment":[{"href":"https:\/\/enertisapplus.com\/es\/wp-json\/wp\/v2\/media?parent=4085"}],"curies":[{"name":"wp","href":"https:\/\/api.w.org\/{rel}","templated":true}]}}