{"id":49,"date":"2014-06-16T17:05:14","date_gmt":"2014-06-16T15:05:14","guid":{"rendered":"http:\/\/www.enertis.es\/?page_id=49"},"modified":"2023-01-13T11:30:10","modified_gmt":"2023-01-13T10:30:10","slug":"aviso-legal-y-politica-de-privacidad","status":"publish","type":"page","link":"https:\/\/enertisapplus.com\/es\/aviso-legal-y-politica-de-privacidad\/","title":{"rendered":"AVISO LEGAL"},"content":{"rendered":"\n<p>Esta p\u00e1gina web es propiedad de ENERTIS SOLAR S.L.U. NIF: B84894203, en adelante ENERTIS APPLUS+, con domicilio en Calle Campezo 1 Parque Empresarial Las Mercedes, 28022, Madrid. Inscrita en el Registro mercantil de Madrid Tomo: 23494. Folio: 141. Secci\u00f3n: 8\u00aa. Hoja: M-421463. Para cualquier consulta, nos puede contactar por e-mail:&nbsp;<a href=\"mailto:dataprivacy@enertis.com\" target=\"_blank\" rel=\"noreferrer noopener\"><\/a><a href=\"mailto:dataprivacy.enertis@enertisapplus.com\">dataprivacy.enertis@enertisapplus.com<\/a> o en el tel\u00e9fono +34 916 517 021.<\/p>\n\n\n\n<p><strong>Ley Aplicable<\/strong><\/p>\n\n\n\n<p>El sitio web&nbsp;<a href=\"https:\/\/www.enertisapplus.com\">https:\/\/www.enertisapplus.com<\/a>, en adelante el PORTAL, se rige por la normativa exclusivamente aplicable en Espa\u00f1a, quedando sometida a ella, tanto nacionales como extranjeros que utilicen este PORTAL.<\/p>\n\n\n\n<p><strong>Propiedad intelectual e industrial<\/strong><\/p>\n\n\n\n<p>El contenido del PORTAL, dise\u00f1o y sus c\u00f3digos fuente, as\u00ed como los logos, marcas y dem\u00e1s signos distintivos que aparecen en el mismo pertenecen a ENERTIS APPLUS+, y est\u00e1n protegidos por los correspondientes derechos de propiedad intelectual e industrial.<\/p>\n\n\n\n<p>Los logotipos ajenos a ENERTIS APPLUS+, que pudieran aparecer en el PORTAL, pertenecen a sus respectivos propietarios, siendo en todo caso ellos mismos responsables de cualquier posible controversia que pudieran darse respecto a ellos. La colocaci\u00f3n de estos en el PORTAL de ENERTIS APPLUS+, ha sido en todo caso, previa comunicaci\u00f3n y aceptaci\u00f3n por parte de los propietarios.<\/p>\n\n\n\n<p><strong>Condiciones de uso<\/strong><\/p>\n\n\n\n<p>Las condiciones de acceso y uso del presente PORTAL se rigen por la legalidad vigente y por el principio de buena fe comprometi\u00e9ndose el usuario a realizar un buen uso del PORTAL. No se permiten conductas que vayan contra la ley, los derechos o intereses de terceros.<\/p>\n\n\n\n<h1 class=\"wp-block-heading\">POL\u00cdTICA DE PRIVACIDAD<\/h1>\n\n\n\n<p>Siguiendo los principios de licitud, lealtad y transparencia, ponemos a su disposici\u00f3n la presente Pol\u00edtica de Privacidad de Enertis Solar, S.L.U., en adelante ENERTIS APPLUS+.<\/p>\n\n\n\n<p><strong>\u00bfQui\u00e9n es el responsable del tratamiento de sus datos?<\/strong><\/p>\n\n\n\n<p>ENERTIS SOLAR S.L.U.<br>NIF: B84894203<br>Domicilio Social: <a>Calle Campezo 1, Parque Empresarial Las Mercedes, 28022, Madrid<\/a><br>Email:&nbsp;<a><\/a><a href=\"mailto:dataprivacy.enertis@enertisapplus.com\">dataprivacy.enertis@enertisapplus.com<\/a><br>Tel\u00e9fono: +34 916 517 021<\/p>\n\n\n\n<p><strong>\u00bfCon qu\u00e9 finalidad tratamos sus datos personales?<\/strong><\/p>\n\n\n\n<p>En ENERTIS APPLUS+ dependiendo de la categor\u00eda de interesado de que se trate, tratamos la informaci\u00f3n que nos facilita con las siguientes finalidades:<\/p>\n\n\n\n<ul class=\"wp-block-list\">\n<li>POTENCIALES CLIENTES: La finalidad del tratamiento es la de gestionar la potencial relaci\u00f3n comercial y\/o profesional, gestionar el env\u00edo de informaci\u00f3n solicitada y\/o resolver las consultas planteadas, facilitar ofertas de nuestros servicios que sean de su inter\u00e9s.<\/li>\n\n\n\n<li>CLIENTES: Gestionar la relaci\u00f3n comercial y\/o profesional, facilitar ofertas de nuestros servicios que sean de su inter\u00e9s.<\/li>\n\n\n\n<li>PROVEEDORES: Gestionar la relaci\u00f3n comercial y\/o profesional.<\/li>\n\n\n\n<li>CANDIDATOS: Gestionar el proceso de selecci\u00f3n de personal.<\/li>\n\n\n\n<li>USUARIOS WEB: Gestionar el an\u00e1lisis de sus datos de navegaci\u00f3n.<\/li>\n<\/ul>\n\n\n\n<p><strong>\u00bfCu\u00e1l es la legitimaci\u00f3n para el tratamiento de sus datos?<\/strong><\/p>\n\n\n\n<p>La base legal para el tratamiento de sus datos personales, dependiendo de la categor\u00eda del interesado de que se trate, puede ser:<\/p>\n\n\n\n<p>POTENCIALES CLIENTES: Art. 6.1.a RGPD: consentimiento del propio interesado (facilitar ofertas de nuestros servicios).<\/p>\n\n\n\n<p>Art. 6.1.b RGPD: aplicaci\u00f3n, a petici\u00f3n del interesado, de medidas precontractuales (presupuestos, hojas de encargo, ofertas de servicios, etc).<\/p>\n\n\n\n<p>Art. 6.1.f RGPD: Inter\u00e9s leg\u00edtimo (enviar informaci\u00f3n solicitada, responder a las consultas planteadas, entre otros).<\/p>\n\n\n\n<p>CLIENTES: Art. 6.1.b RGPD: ejecuci\u00f3n de un contrato en el que el interesado es parte.<\/p>\n\n\n\n<p>PROVEEDORES: Art. 6.1.b RGPD: ejecuci\u00f3n de un contrato en el que el interesado es parte.<\/p>\n\n\n\n<p>CANDIDATOS: Art. 6.1.a RGPD: consentimiento del propio interesado.<\/p>\n\n\n\n<p>USUARIOS WEB: Art. 6.1.a RGPD: consentimiento del propio interesado.<\/p>\n\n\n\n<p>Los datos que le solicitamos son adecuados, pertinentes y estrictamente necesarios y en ning\u00fan caso est\u00e1 obligado a facilit\u00e1rnoslos, pero su no comunicaci\u00f3n podr\u00e1 afectar a la finalidad del servicio o la imposibilidad de prestarlo.<\/p>\n\n\n\n<p><strong>\u00bfPor cu\u00e1nto tiempo conservaremos sus datos personales?<\/strong><\/p>\n\n\n\n<p>Sus datos, ser\u00e1n conservados el tiempo m\u00ednimo necesario para la correcta prestaci\u00f3n del servicio ofrecido, as\u00ed como para atender las responsabilidades que se pudieran derivar del mismo y de cualquier otra exigencia legal.<\/p>\n\n\n\n<p><strong>\u00bfA qu\u00e9 destinatarios se comunicar\u00e1n sus datos?<\/strong><\/p>\n\n\n\n<p>ENERTIS APPLUS+ no comunicar\u00e1 sus datos a ning\u00fan tercero, salvo que se informe de ello expresamente.<\/p>\n\n\n\n<p>Adicionalmente le informamos que determinados datos, en virtud de la normativa vigente o de la relaci\u00f3n contractual que mantenga con ENERTIS APPLUS+, podr\u00e1n ser comunicados a:<\/p>\n\n\n\n<ul class=\"wp-block-list\">\n<li>Los bancos y entidades financieras para el cobro de los servicios contratados y\/o productos comprados.<\/li>\n\n\n\n<li>Administraciones p\u00fablicas con competencia en los sectores de la actividad de ENERTIS APPLUS+, cuando as\u00ed lo establezca la normativa vigente.<\/li>\n<\/ul>\n\n\n\n<p><strong>\u00bfCu\u00e1les son sus derechos cuando nos facilita sus datos?<\/strong><\/p>\n\n\n\n<p>Los derechos de protecci\u00f3n de datos de los que son titulares los interesados son:<\/p>\n\n\n\n<ul class=\"wp-block-list\">\n<li>Derecho a solicitar el acceso a los datos personales relativos al interesado.<\/li>\n\n\n\n<li>Derecho de rectificaci\u00f3n o supresi\u00f3n.<\/li>\n\n\n\n<li>Derecho de oposici\u00f3n.<\/li>\n\n\n\n<li>Derecho a solicitar la limitaci\u00f3n de su tratamiento.<\/li>\n\n\n\n<li>Derecho a la portabilidad de los datos.<\/li>\n\n\n\n<li>Derecho a no ser objeto de decisiones basadas \u00fanicamente en el tratamiento automatizado de datos.<\/li>\n<\/ul>\n\n\n\n<p>Los titulares de los datos personales obtenidos podr\u00e1n ejercer sus derechos de protecci\u00f3n de datos personales dirigiendo una comunicaci\u00f3n por escrito al domicilio social de ENERTIS APPLUS+ o al correo electr\u00f3nico habilitado a tal efecto <a><\/a><a href=\"mailto:dataprivacy.enertis@enertisapplus.com\">dataprivacy.enertis@enertisapplus.com<\/a>.<\/p>\n\n\n\n<p>Modelos, formularios y m\u00e1s informaci\u00f3n disponible sobre sus derechos en la p\u00e1gina web de la autoridad de control nacional, Agencia Espa\u00f1ola de Protecci\u00f3n de Datos, en adelante, AEPD,&nbsp;<a href=\"http:\/\/www.aepd.es\">www.aepd.es<\/a>.<\/p>\n\n\n\n<p><strong>\u00bfPuedo retirar el consentimiento?<\/strong><\/p>\n\n\n\n<p>Usted tiene la posibilidad y el derecho a retirar el consentimiento para cualquiera finalidad espec\u00edfica otorgada en su momento, sin que ello afecte a la licitud del tratamiento basado en el consentimiento previo a su retirada.<\/p>\n\n\n\n<p><strong>\u00bfD\u00f3nde puedo reclamar en caso de que considere que no se tratan mis datos correctamente?<\/strong><\/p>\n\n\n\n<p>Si alg\u00fan interesado considera que sus datos no son tratados correctamente por ENERTIS APPLUS+, o que las solicitudes de ejercicio de derechos no han sido atendidas de forma satisfactoria puede dirigir sus reclamaciones al correo&nbsp;<a href=\"mailto:dataprivacy.enertis@enertisapplus.com\">dataprivacy.enertis@enertisapplus.com<\/a>, o a la autoridad de protecci\u00f3n de datos que corresponda, siendo la AEPD la indicada en el territorio nacional, <a href=\"http:\/\/www.aepd.es\">www.aepd.es<\/a>.<\/p>\n\n\n\n<p><strong>Seguridad y actualizaci\u00f3n de sus datos personales<\/strong><\/p>\n\n\n\n<p>Con el objetivo de salvaguardar la seguridad de sus datos personales, le informamos que ENERTIS APPLUS+ ha adoptado todas las medidas de \u00edndole t\u00e9cnica y organizativa necesarias para garantizar la seguridad de los datos personales suministrados. Todo ello para evitar su alteraci\u00f3n, p\u00e9rdida, y\/o tratamientos o accesos no autorizados, tal como exige la normativa, si bien la seguridad absoluta no existe.<\/p>\n\n\n\n<p>Es importante que, para que podamos mantener sus datos personales actualizados, nos informe siempre que se produzca una modificaci\u00f3n de los mismos.<\/p>\n\n\n\n<p><strong>Confidencialidad<\/strong> <\/p>\n\n\n\n<p>ENERTIS APPLUS+ le informa que sus datos ser\u00e1n tratados con el m\u00e1ximo celo y confidencialidad por todo el personal que intervenga en cualquiera de las fases del tratamiento. No cederemos ni comunicaremos a ning\u00fan tercero sus datos, excepto en los casos legalmente previstos, o salvo que el interesado nos hubiera autorizado expresamente.<\/p>\n\n\n\n<p><\/p>\n\n\n\n<p><\/p>\n","protected":false},"excerpt":{"rendered":"<p>Esta p\u00e1gina web es propiedad de ENERTIS SOLAR S.L.U. NIF: B84894203, en adelante ENERTIS APPLUS+, con domicilio en Calle Campezo [&hellip;]<\/p>\n","protected":false},"author":5,"featured_media":0,"parent":0,"menu_order":10,"comment_status":"closed","ping_status":"closed","template":"","meta":{"_acf_changed":false,"footnotes":""},"class_list":["post-49","page","type-page","status-publish","hentry"],"acf":[],"_links":{"self":[{"href":"https:\/\/enertisapplus.com\/es\/wp-json\/wp\/v2\/pages\/49","targetHints":{"allow":["GET"]}}],"collection":[{"href":"https:\/\/enertisapplus.com\/es\/wp-json\/wp\/v2\/pages"}],"about":[{"href":"https:\/\/enertisapplus.com\/es\/wp-json\/wp\/v2\/types\/page"}],"author":[{"embeddable":true,"href":"https:\/\/enertisapplus.com\/es\/wp-json\/wp\/v2\/users\/5"}],"replies":[{"embeddable":true,"href":"https:\/\/enertisapplus.com\/es\/wp-json\/wp\/v2\/comments?post=49"}],"version-history":[{"count":2,"href":"https:\/\/enertisapplus.com\/es\/wp-json\/wp\/v2\/pages\/49\/revisions"}],"predecessor-version":[{"id":5419,"href":"https:\/\/enertisapplus.com\/es\/wp-json\/wp\/v2\/pages\/49\/revisions\/5419"}],"wp:attachment":[{"href":"https:\/\/enertisapplus.com\/es\/wp-json\/wp\/v2\/media?parent=49"}],"curies":[{"name":"wp","href":"https:\/\/api.w.org\/{rel}","templated":true}]}}