{"id":7937,"date":"2024-02-10T07:26:40","date_gmt":"2024-02-10T06:26:40","guid":{"rendered":"https:\/\/www.enertisapplus.com\/technologies-energy-storage\/"},"modified":"2024-02-10T08:20:49","modified_gmt":"2024-02-10T07:20:49","slug":"tecnologias-almacenamiento-energia","status":"publish","type":"page","link":"https:\/\/enertisapplus.com\/es\/tecnologias-almacenamiento-energia\/","title":{"rendered":"Almacenamiento de energ\u00eda"},"content":{"rendered":"\n<h2 class=\"wp-block-heading\">TECNOLOG\u00cdAS<\/h2>\n\n\n\n<h3 class=\"wp-block-heading\">ALMACENAMIENTO DE ENERG\u00cdA<\/h3>\n\n\n\n<p>El almacenamiento de energ\u00eda en bater\u00edas (BESS) permite almacenar la electricidad generada a partir de fuentes de energ\u00eda renovables, por lo que es una parte fundamental del sistema el\u00e9ctrico, ya que desempe\u00f1a un papel crucial en la integraci\u00f3n de fuentes de energ\u00eda no gestionables en el mix energ\u00e9tico. Adem\u00e1s, los proyectos BESS proporcionan una serie de servicios a la red, como la regulaci\u00f3n de la frecuencia, la estabilidad de la red y el control de la control de rampa, entre otros.<\/p>\n\n\n\n<p>Nuestro equipo de ingenieros y consultores especializados apoya a nuestros clientes con servicios de consultor\u00eda, ingenier\u00eda y control de calidad de alto valor a\u00f1adido para proyectos de BESS en todo el mundo, con el fin de garantizar la previsibilidad del rendimiento a largo plazo, proteger los beneficios de los clientes y reducir los riesgos generales del cliente.<\/p>\n\n\n\n<p>Ofrecemos servicios integrales de BESS, proporcionando conocimientos del mercado para BESS aut\u00f3nomos, modelado PV+Wind+BESS a trav\u00e9s de mercados ISO, apoyo en la selecci\u00f3n de equipos, informes de ingenier\u00eda independientes para financiaci\u00f3n, inspecciones de control de calidad en f\u00e1brica e in situ para contenedores BESS, gesti\u00f3n de documentaci\u00f3n de puesta en servicio y revisiones peri\u00f3dicas de rendimiento.<\/p>\n\n\n\n<div class=\"wp-block-buttons is-layout-flex wp-block-buttons-is-layout-flex\">\n<div class=\"wp-block-button\"><a class=\"wp-block-button__link wp-element-button\" href=\"https:\/\/www.enertisapplus.com\/es\/sistemas-almacenamiento-energia\/\">Descubre m\u00e1s<\/a><\/div>\n<\/div>\n\n\n\n<h2 class=\"wp-block-heading\">\u00daLTIMAS NOTICIAS<\/h2>\n\n\n<div class=\"noticias-destacadas\">\r\n\t\t\t<div class=\"noticia-destacada\">\r\n\t\t\t\t<p class=\"fecha\">11\/2025<\/p>\r\n\t\t\t\t<a href=\"https:\/\/enertisapplus.com\/es\/enertis-applus-lightshift-financiacion-bess\/\" rel=\"bookmark\">Enertis Applus+ act\u00faa como asesor t\u00e9cnico independiente en la financiaci\u00f3n de 75 millones de d\u00f3lares de Lightshift Energy para proyectos de almacenamiento en Estados Unidos<\/a>\t\t\t<\/div>\r\n\t\t\r\n\t\t\t<div class=\"noticia-destacada\">\r\n\t\t\t\t<p class=\"fecha\">09\/2025<\/p>\r\n\t\t\t\t<a href=\"https:\/\/enertisapplus.com\/es\/asesor-tecnico-independiente-bess-chile\/\" rel=\"bookmark\">Enertis Applus+ impulsa el desarrollo de m\u00e1s de 11 GWh de proyectos BESS en Chile con nuevos cierres financieros<\/a>\t\t\t<\/div>\r\n\t\t\r\n\t\t\t<div class=\"noticia-destacada\">\r\n\t\t\t\t<p class=\"fecha\">06\/2025<\/p>\r\n\t\t\t\t<a href=\"https:\/\/enertisapplus.com\/es\/enertis-applus-actua-como-asesor-tecnico-independiente-para-tres-proyectos-bess-de-excelsior-energy-capital-en-texas\/\" rel=\"bookmark\">Enertis Applus+ act\u00faa como asesor t\u00e9cnico independiente para tres proyectos BESS de Excelsior Energy Capital en Texas<\/a>\t\t\t<\/div>\r\n\t\t\r\n\t\t\t<div class=\"noticia-destacada\">\r\n\t\t\t\t<p class=\"fecha\">01\/2025<\/p>\r\n\t\t\t\t<a href=\"https:\/\/enertisapplus.com\/es\/enertis-applus-asegura-la-calidad-de-mas-de-6-gwh-de-sistemas-de-baterias-en-todo-el-mundo-con-servicios-de-inspeccion-de-suministro\/\" rel=\"bookmark\">Enertis Applus+ asegura la calidad de m\u00e1s de 6 GWh de sistemas de bater\u00edas en todo el mundo con servicios de inspecci\u00f3n de suministro\u00a0<\/a>\t\t\t<\/div>\r\n\t\t<\/div>\n\n\n<div class=\"wp-block-buttons is-layout-flex wp-block-buttons-is-layout-flex\">\n<div class=\"wp-block-button\"><a class=\"wp-block-button__link wp-element-button\" href=\"https:\/\/www.enertisapplus.com\/es\/category\/corporativo\/\">M\u00e1s noticias<\/a><\/div>\n<\/div>\n","protected":false},"excerpt":{"rendered":"<p>TECNOLOG\u00cdAS ALMACENAMIENTO DE ENERG\u00cdA El almacenamiento de energ\u00eda en bater\u00edas (BESS) permite almacenar la electricidad generada a partir de fuentes [&hellip;]<\/p>\n","protected":false},"author":4,"featured_media":0,"parent":0,"menu_order":0,"comment_status":"closed","ping_status":"closed","template":"template-technologies.php","meta":{"_acf_changed":false,"footnotes":""},"class_list":["post-7937","page","type-page","status-publish","hentry"],"acf":[],"_links":{"self":[{"href":"https:\/\/enertisapplus.com\/es\/wp-json\/wp\/v2\/pages\/7937","targetHints":{"allow":["GET"]}}],"collection":[{"href":"https:\/\/enertisapplus.com\/es\/wp-json\/wp\/v2\/pages"}],"about":[{"href":"https:\/\/enertisapplus.com\/es\/wp-json\/wp\/v2\/types\/page"}],"author":[{"embeddable":true,"href":"https:\/\/enertisapplus.com\/es\/wp-json\/wp\/v2\/users\/4"}],"replies":[{"embeddable":true,"href":"https:\/\/enertisapplus.com\/es\/wp-json\/wp\/v2\/comments?post=7937"}],"version-history":[{"count":2,"href":"https:\/\/enertisapplus.com\/es\/wp-json\/wp\/v2\/pages\/7937\/revisions"}],"predecessor-version":[{"id":7978,"href":"https:\/\/enertisapplus.com\/es\/wp-json\/wp\/v2\/pages\/7937\/revisions\/7978"}],"wp:attachment":[{"href":"https:\/\/enertisapplus.com\/es\/wp-json\/wp\/v2\/media?parent=7937"}],"curies":[{"name":"wp","href":"https:\/\/api.w.org\/{rel}","templated":true}]}}