{"id":8016,"date":"2024-02-10T09:19:11","date_gmt":"2024-02-10T08:19:11","guid":{"rendered":"https:\/\/www.enertisapplus.com\/tessa\/"},"modified":"2024-06-12T06:36:18","modified_gmt":"2024-06-12T04:36:18","slug":"tessa","status":"publish","type":"page","link":"https:\/\/enertisapplus.com\/es\/tessa\/","title":{"rendered":"TESSA"},"content":{"rendered":"\n<h2 class=\"title-icon\"><svg width=\"87px\" height=\"97px\" viewBox=\"0 0 370 425\" version=\"1.1\"\n                                             xmlns=\"http:\/\/www.w3.org\/2000\/svg\"\n                                             xmlns:xlink=\"http:\/\/www.w3.org\/1999\/xlink\">\n                                           \n                                            <g id=\"Page-1\" stroke=\"none\" stroke-width=\"1\" fill=\"none\"\n                                               fill-rule=\"evenodd\">\n                                                <g id=\"TESSA_2\" transform=\"translate(0.400000, 0.500000)\"\n                                                   fill-rule=\"nonzero\">\n                                                    <path d=\"M92.6,10.76 L92.6,54.24 L68.6,54.24 L68.6,10.76 L92.6,10.76 M93.11,0 L68.11,0 C62.4559201,0.0164762969 57.8764763,4.59592008 57.86,10.25 L57.86,54.75 C57.8764463,60.400193 62.4498257,64.9780387 68.1,65 L93.1,65 C98.7540799,64.9835237 103.333524,60.4040799 103.35,54.75 L103.35,10.25 C103.333524,4.59592008 98.7540799,0.0164762969 93.1,0 L93.11,0 Z\"\n                                                          id=\"Shape\" fill=\"#003D50\"><\/path>\n                                                    <path class=\"red\"\n                                                          d=\"M197.1,0 L172.1,0 C166.44592,0.0164762969 161.866476,4.59592008 161.85,10.25 L161.85,54.75 C161.866476,60.4040799 166.44592,64.9835237 172.1,65 L197.1,65 C202.75408,64.9835237 207.333524,60.4040799 207.35,54.75 L207.35,10.25 C207.333524,4.59592008 202.75408,0.0164762969 197.1,0 Z\"\n                                                          id=\"Path\" fill=\"#EB4F31\"><\/path>\n                                                    <path d=\"M300.6,10.76 L300.6,54.24 L276.6,54.24 L276.6,10.76 L300.6,10.76 M301.11,0 L276.11,0 C270.45592,0.0164762969 265.876476,4.59592008 265.86,10.25 L265.86,54.75 C265.876446,60.400193 270.449826,64.9780387 276.1,65 L301.1,65 C306.75408,64.9835237 311.333524,60.4040799 311.35,54.75 L311.35,10.25 C311.333524,4.59592008 306.75408,0.0164762969 301.1,0 L301.11,0 Z\"\n                                                          id=\"Shape\" fill=\"#003D50\"><\/path>\n                                                    <path d=\"M92.6,108.26 L92.6,151.74 L68.6,151.74 L68.6,108.26 L92.6,108.26 M93.1,97.5 L68.1,97.5 C62.4459201,97.5164763 57.8664763,102.09592 57.85,107.75 L57.85,152.25 C57.8664763,157.90408 62.4459201,162.483524 68.1,162.5 L93.1,162.5 C98.7540799,162.483524 103.333524,157.90408 103.35,152.25 L103.35,107.75 C103.333524,102.09592 98.7540799,97.5164763 93.1,97.5 Z\"\n                                                          id=\"Shape\" fill=\"#003D50\"><\/path>\n                                                    <path d=\"M196.6,108.26 L196.6,151.74 L172.6,151.74 L172.6,108.26 L196.6,108.26 M197.1,97.5 L172.1,97.5 C166.44592,97.5164763 161.866476,102.09592 161.85,107.75 L161.85,152.25 C161.866476,157.90408 166.44592,162.483524 172.1,162.5 L197.1,162.5 C202.75408,162.483524 207.333524,157.90408 207.35,152.25 L207.35,107.75 C207.333524,102.09592 202.75408,97.5164763 197.1,97.5 Z\"\n                                                          id=\"Shape\" fill=\"#003D50\"><\/path>\n                                                    <path class=\"red\"\n                                                          d=\"M301.1,97.5 L276.1,97.5 C270.44592,97.5164763 265.866476,102.09592 265.85,107.75 L265.85,152.25 C265.866476,157.90408 270.44592,162.483524 276.1,162.5 L301.1,162.5 C306.75408,162.483524 311.333524,157.90408 311.35,152.25 L311.35,107.75 C311.333524,102.09592 306.75408,97.5164763 301.1,97.5 Z\"\n                                                          id=\"Path\" fill=\"#EB4F31\"><\/path>\n                                                    <path class=\"red\"\n                                                          d=\"M93.1,195 L68.1,195 C62.4459201,195.016476 57.8664763,199.59592 57.85,205.25 L57.85,249.75 C57.8664763,255.40408 62.4459201,259.983524 68.1,260 L93.1,260 C98.7540799,259.983524 103.333524,255.40408 103.35,249.75 L103.35,205.25 C103.333524,199.59592 98.7540799,195.016476 93.1,195 Z\"\n                                                          id=\"Path\" fill=\"#EB4F31\"><\/path>\n                                                    <path d=\"M196.6,205.76 L196.6,249.24 L172.6,249.24 L172.6,205.76 L196.6,205.76 M197.11,195 L172.11,195 C166.45592,195.016476 161.876476,199.59592 161.86,205.25 L161.86,249.75 C161.876446,255.400193 166.449826,259.978039 172.1,260 L197.1,260 C202.75408,259.983524 207.333524,255.40408 207.35,249.75 L207.35,205.25 C207.333524,199.59592 202.75408,195.016476 197.1,195 L197.11,195 Z\"\n                                                          id=\"Shape\" fill=\"#003D50\"><\/path>\n                                                    <path d=\"M300.6,205.76 L300.6,249.24 L276.6,249.24 L276.6,205.76 L300.6,205.76 M301.11,195 L276.11,195 C270.45592,195.016476 265.876476,199.59592 265.86,205.25 L265.86,249.75 C265.876446,255.400193 270.449826,259.978039 276.1,260 L301.1,260 C306.75408,259.983524 311.333524,255.40408 311.35,249.75 L311.35,205.25 C311.333524,199.59592 306.75408,195.016476 301.1,195 L301.11,195 Z\"\n                                                          id=\"Shape\" fill=\"#003D50\"><\/path>\n                                                    <path d=\"M6.14,351.5 C2.14,351.5 5.68434189e-14,349.5 5.68434189e-14,345.87 L5.68434189e-14,345.23 C5.68434189e-14,341.65 2.18,339.73 6.14,339.73 L64.75,339.73 C68.75,339.73 70.75,341.65 70.75,345.23 L70.75,345.87 C70.75,349.45 68.75,351.5 64.75,351.5 L42.1,351.5 L42.1,417.01 C42.1,421.01 40.05,423.01 36.21,423.01 L34.42,423.01 C30.71,423.01 28.79,421.01 28.79,417.01 L28.79,351.5 L6.14,351.5 Z\"\n                                                          id=\"Path\" fill=\"#003D50\"><\/path>\n                                                    <path d=\"M82.15,415.24 L82.15,347.17 C82.15,342.69 84.97,339.75 89.15,339.75 L137.15,339.75 C141.24,339.75 143.29,341.75 143.29,345.25 L143.29,346.02 C143.29,349.6 141.24,351.52 137.15,351.52 L95.33,351.52 L95.33,374.68 L127.71,374.68 C131.93,374.68 133.85,376.47 133.85,379.93 L133.85,380.31 C133.85,383.89 131.8,385.81 127.71,385.81 L95.33,385.81 L95.33,410.89 L137.94,410.89 C142.04,410.89 143.94,412.68 143.94,416.14 L143.94,416.78 C143.94,420.49 142.02,422.54 137.94,422.54 L89.19,422.54 C84.97,422.5 82.15,419.72 82.15,415.24 Z\"\n                                                          id=\"Path\" fill=\"#003D50\"><\/path>\n                                                    <path d=\"M152.53,407.69 C152.53,403.34 158.16,400.14 158.53,400.69 C164.247046,408.770941 173.582361,413.51156 183.48,413.36 C195,413.36 201.48,408.63 201.48,400.44 C201.48,391.1 191.76,388.92 180.75,386.36 C167.96,383.42 154.65,378.94 154.65,362.18 C154.65,348.1 166.8,338.12 184.46,338.12 C202.89,338.12 212.87,346.82 212.87,352.84 C212.87,357.57 206.98,360.52 206.73,360.13 C201.574376,353.069442 193.332223,348.92603 184.59,349 C174.23,349 167.44,354 167.44,361.67 C167.44,370.75 175.51,372.16 187.02,374.85 C201.1,378.05 214.66,383.55 214.66,399.54 C214.66,414.77 202.89,424.24 183.57,424.24 C163.67,424.2 152.53,414.5 152.53,407.69 Z\"\n                                                          id=\"Path\" fill=\"#003D50\"><\/path>\n                                                    <path d=\"M223.42,407.69 C223.42,403.34 229.05,400.14 229.42,400.69 C235.137046,408.770941 244.472361,413.51156 254.37,413.36 C265.89,413.36 272.37,408.63 272.37,400.44 C272.37,391.1 262.65,388.92 251.64,386.36 C238.85,383.42 225.54,378.94 225.54,362.18 C225.54,348.1 237.69,338.12 255.35,338.12 C273.78,338.12 283.76,346.82 283.76,352.84 C283.76,357.57 277.87,360.52 277.62,360.13 C272.464376,353.069442 264.222223,348.92603 255.48,349 C245.12,349 238.33,354 238.33,361.67 C238.33,370.75 246.4,372.16 257.91,374.85 C272.05,378.01 285.6,383.5 285.6,399.5 C285.6,414.73 273.83,424.2 254.51,424.2 C234.6,424.2 223.42,414.5 223.42,407.69 Z\"\n                                                          id=\"Path\" fill=\"#003D50\"><\/path>\n                                                    <path d=\"M313.6,398.22 L306.3,417.16 C304.64,421.77 301.82,423.16 299.01,423.16 C295.17,423.16 291.46,420.34 291.84,419.16 L321.27,343.16 C322.27,340.47 324.35,338.94 330.36,338.94 C336.37,338.94 338.42,340.47 339.44,343.16 L369.13,419.16 C369.52,420.16 365.8,423.16 361.84,423.16 C358.89,423.16 355.84,421.75 354.03,417.01 L346.74,398.2 L313.6,398.22 Z M343.6,387.6 L330.27,352.5 L316.84,387.6 L343.6,387.6 Z\"\n                                                          id=\"Shape\" fill=\"#003D50\"><\/path>\n                                                <\/g>\n                                            <\/g>\n                                        <\/svg><span>The Enertis Applus+ Soiling and Snow Application (TESSA)<\/span><\/h2>\n\n\n\n<p>Se trata de una calculadora online que sigue los modelos de Kimber y Townsend para estimar con precisi\u00f3n la p\u00e9rdida anual de energ\u00eda debida a la suciedad, la nieve y\/o la acumulaci\u00f3n de otras part\u00edculas en la superficie de los m\u00f3dulos fotovoltaicos.<\/p>\n\n\n\n<p>Es capaz de estimar con precisi\u00f3n el \u00edndice de suciedad de un proyecto fotovoltaico, lo que permite tomar decisiones pr\u00e1cticas -por ejemplo, c\u00f3mo, cu\u00e1ndo y con qu\u00e9 frecuencia programar las limpiezas \u2013 para maximizar el retorno de la inversi\u00f3n.<\/p>\n\n\n\n<p>Las caracter\u00edsticas de TESSA incluyen:<\/p>\n\n\n\n<ul class=\"wp-block-list\">\n<li>Par\u00e1metros para nieve y suciedad.<\/li>\n\n\n\n<li>\u00cdndices de suciedad anuales, mensuales y diarios.<\/li>\n\n\n\n<li>C\u00e1lculo de los d\u00edas de limpieza \u00f3ptimos para maximizar la producci\u00f3n del activo o minimizar las p\u00e9rdidas financieras.<\/li>\n\n\n\n<li>Generaci\u00f3n autom\u00e1tica de informes<\/li>\n\n\n\n<li>Conjuntos de datos meteorol\u00f3gicos de hasta 20 a\u00f1os extra\u00eddos de la&nbsp;<a href=\"https:\/\/www.noaa.gov\/\" target=\"_blank\" rel=\"noreferrer noopener\">National Oceanic and Atmospheric Association (NOAA)<\/a>&nbsp;y la&nbsp;<a href=\"https:\/\/www.aemet.es\/es\/portada\" target=\"_blank\" rel=\"noreferrer noopener\">Agencia Estatal de Meteorolog\u00eda (AEMet)<\/a>.<\/li>\n\n\n\n<li>Efectos de las precipitaciones<\/li>\n\n\n\n<li>Vista de mapa para comparar proyectos con estaciones meteorol\u00f3gicas cercanas<\/li>\n\n\n\n<li>Vista multi-proyecto para comparar carteras de un vistazo.<\/li>\n\n\n\n<li>Existen plantillas disponibles para que los clientes puedan cargar su propia informaci\u00f3n meteorol\u00f3gica en la herramienta.<\/li>\n<\/ul>\n\n\n\n<div class=\"wp-block-buttons is-content-justification-center is-layout-flex wp-container-core-buttons-is-layout-16018d1d wp-block-buttons-is-layout-flex\">\n<div class=\"wp-block-button\"><a class=\"wp-block-button__link has-text-align-center wp-element-button\" href=\"https:\/\/www.enertisapplus.com\/tessa-demo\/\">Solicitar una demo<\/a><\/div>\n<\/div>\n\n\n\n<p>Observa el uso sencillo de la herramienta TESSA, que proporciona una estimaci\u00f3n precisa de la p\u00e9rdida anual de energ\u00eda atribuida a la acumulaci\u00f3n de suciedad, nieve y part\u00edculas en los m\u00f3dulos fotovoltaicos. Descubre las diversas funciones de la herramienta, incluido el c\u00e1lculo de los d\u00edas de lavado \u00f3ptimos para maximizar la producci\u00f3n de activos y minimizar las p\u00e9rdidas econ\u00f3micas.<\/p>\n\n\n\n<figure class=\"wp-block-embed is-type-video is-provider-youtube wp-block-embed-youtube wp-embed-aspect-16-9 wp-has-aspect-ratio\"><div class=\"wp-block-embed__wrapper\">\n<iframe loading=\"lazy\" title=\"Enertis Applus+ Data Science Tools   TESSA\" width=\"640\" height=\"360\" src=\"https:\/\/www.youtube.com\/embed\/ipOcXbcOzos?list=PLxyfTPQ_cWVBaHL9Xkctz31Ygbesm6CEu\" frameborder=\"0\" allow=\"accelerometer; autoplay; clipboard-write; encrypted-media; gyroscope; picture-in-picture; web-share\" referrerpolicy=\"strict-origin-when-cross-origin\" allowfullscreen><\/iframe>\n<\/div><\/figure>\n","protected":false},"excerpt":{"rendered":"<p>The Enertis Applus+ Soiling and Snow Application (TESSA) Se trata de una calculadora online que sigue los modelos de Kimber [&hellip;]<\/p>\n","protected":false},"author":4,"featured_media":0,"parent":0,"menu_order":0,"comment_status":"closed","ping_status":"closed","template":"template-data-science.php","meta":{"_acf_changed":false,"footnotes":""},"class_list":["post-8016","page","type-page","status-publish","hentry"],"acf":[],"_links":{"self":[{"href":"https:\/\/enertisapplus.com\/es\/wp-json\/wp\/v2\/pages\/8016","targetHints":{"allow":["GET"]}}],"collection":[{"href":"https:\/\/enertisapplus.com\/es\/wp-json\/wp\/v2\/pages"}],"about":[{"href":"https:\/\/enertisapplus.com\/es\/wp-json\/wp\/v2\/types\/page"}],"author":[{"embeddable":true,"href":"https:\/\/enertisapplus.com\/es\/wp-json\/wp\/v2\/users\/4"}],"replies":[{"embeddable":true,"href":"https:\/\/enertisapplus.com\/es\/wp-json\/wp\/v2\/comments?post=8016"}],"version-history":[{"count":2,"href":"https:\/\/enertisapplus.com\/es\/wp-json\/wp\/v2\/pages\/8016\/revisions"}],"predecessor-version":[{"id":8269,"href":"https:\/\/enertisapplus.com\/es\/wp-json\/wp\/v2\/pages\/8016\/revisions\/8269"}],"wp:attachment":[{"href":"https:\/\/enertisapplus.com\/es\/wp-json\/wp\/v2\/media?parent=8016"}],"curies":[{"name":"wp","href":"https:\/\/api.w.org\/{rel}","templated":true}]}}