{"id":8601,"date":"2025-01-17T10:27:04","date_gmt":"2025-01-17T09:27:04","guid":{"rendered":"https:\/\/www.enertisapplus.com\/wind-manufacturing-services\/"},"modified":"2025-02-01T07:45:02","modified_gmt":"2025-02-01T06:45:02","slug":"wind-manufacturing-services","status":"publish","type":"page","link":"https:\/\/enertisapplus.com\/es\/wind-manufacturing-services\/","title":{"rendered":"Servicios de inspecci\u00f3n durante la fabricaci\u00f3n de componentes e\u00f3licos"},"content":{"rendered":"\n<p>AApplus+ ofrece un amplio abanico de servicios de control de calidad durante la fabricaci\u00f3n de componentes clave para parques e\u00f3licos terrestres y marinos. Se trata de servicios especializados que se prestan directamente en las instalaciones del fabricante.<br><\/p>\n\n\n\n<p>Applus+ cuenta con un equipo global de inspectores capacitados para supervisar los procesos de fabricaci\u00f3n en pr\u00e1cticamente cualquier ubicaci\u00f3n del mundo. Adem\u00e1s, disponemos de la tecnolog\u00eda m\u00e1s avanzada para la realizaci\u00f3n de ensayos no destructivos (END).<br><\/p>\n\n\n\n<p>Como parte de la unidad de servicios de energ\u00eda renovable, los expertos de Applus+ colaboran estrechamente con el equipo de Enertis Applus+ para proteger la rentabilidad a largo plazo de los proyectos de nuestros clientes. Nuestros equipos llevan a cabo una revisi\u00f3n exhaustiva de todas las fases de adquisici\u00f3n, fabricaci\u00f3n, control de calidad, transporte y entrega de los componentes.<br>Nuestro equipo toma las medidas necesarias para mitigar los riesgos asociados con la previsi\u00f3n del rendimiento, garantizando la calidad y un retorno de inversi\u00f3n sostenible para los clientes, manteniendo siempre la independencia de los fabricantes.<\/p>\n\n\n\n<div class=\"wp-block-group alignfull bloque-grupo-iconos has-background\" style=\"background-color:#f7f7f7\"><div class=\"wp-block-group__inner-container is-layout-constrained wp-block-group-is-layout-constrained\">\n<p><strong>Our Wind Manufacturing services include, but are not limited to:<\/strong><\/p>\n\n\n\n<div class=\"wp-block-columns is-layout-flex wp-container-core-columns-is-layout-9d6595d7 wp-block-columns-is-layout-flex\">\n<div class=\"wp-block-column is-layout-flow wp-block-column-is-layout-flow\"><div class=\"wp-block-image\">\n<figure class=\"aligncenter size-full\"><a href=\"https:\/\/www.enertisapplus.com\/wp-content\/uploads\/2025\/01\/EN_Icono-1-2.png\"><img loading=\"lazy\" decoding=\"async\" width=\"260\" height=\"260\" src=\"https:\/\/www.enertisapplus.com\/wp-content\/uploads\/2025\/01\/EN_Icono-1-2.png\" alt=\"\" class=\"wp-image-8609\" srcset=\"https:\/\/enertisapplus.com\/wp-content\/uploads\/2025\/01\/EN_Icono-1-2.png 260w, https:\/\/enertisapplus.com\/wp-content\/uploads\/2025\/01\/EN_Icono-1-2-150x150.png 150w\" sizes=\"auto, (max-width: 260px) 100vw, 260px\" \/><\/a><\/figure>\n<\/div>\n\n\n<p class=\"has-text-align-center\">Experiencia en inspecci\u00f3n durante la fabricaci\u00f3n de componentes e\u00f3licos<\/p>\n<\/div>\n\n\n\n<div class=\"wp-block-column is-layout-flow wp-block-column-is-layout-flow\"><div class=\"wp-block-image\">\n<figure class=\"aligncenter size-full\"><a href=\"https:\/\/www.enertisapplus.com\/wp-content\/uploads\/2025\/01\/EN_Icono-2-1.png\"><img loading=\"lazy\" decoding=\"async\" width=\"260\" height=\"260\" src=\"https:\/\/www.enertisapplus.com\/wp-content\/uploads\/2025\/01\/EN_Icono-2-1.png\" alt=\"\" class=\"wp-image-8562\" srcset=\"https:\/\/enertisapplus.com\/wp-content\/uploads\/2025\/01\/EN_Icono-2-1.png 260w, https:\/\/enertisapplus.com\/wp-content\/uploads\/2025\/01\/EN_Icono-2-1-150x150.png 150w\" sizes=\"auto, (max-width: 260px) 100vw, 260px\" \/><\/a><\/figure>\n<\/div>\n\n\n<p class=\"has-text-align-center\">Software de gesti\u00f3n de calidad AMIS para garantizar la excelencia<\/p>\n<\/div>\n\n\n\n<div class=\"wp-block-column is-layout-flow wp-block-column-is-layout-flow\"><div class=\"wp-block-image\">\n<figure class=\"aligncenter size-full\"><a href=\"https:\/\/www.enertisapplus.com\/wp-content\/uploads\/2025\/01\/EN_Icono-3-1.png\"><img loading=\"lazy\" decoding=\"async\" width=\"260\" height=\"260\" src=\"https:\/\/www.enertisapplus.com\/wp-content\/uploads\/2025\/01\/EN_Icono-3-1.png\" alt=\"\" class=\"wp-image-8566\" srcset=\"https:\/\/enertisapplus.com\/wp-content\/uploads\/2025\/01\/EN_Icono-3-1.png 260w, https:\/\/enertisapplus.com\/wp-content\/uploads\/2025\/01\/EN_Icono-3-1-150x150.png 150w\" sizes=\"auto, (max-width: 260px) 100vw, 260px\" \/><\/a><\/figure>\n<\/div>\n\n\n<p class=\"has-text-align-center\">Operadores expertos en ensayos no destructivos (END) de tecnolog\u00eda ultra-avanzada<\/p>\n<\/div>\n\n\n\n<div class=\"wp-block-column is-layout-flow wp-block-column-is-layout-flow\"><div class=\"wp-block-image\">\n<figure class=\"aligncenter size-full\"><a href=\"https:\/\/www.enertisapplus.com\/wp-content\/uploads\/2025\/01\/EN_Icono-4-2.png\"><img loading=\"lazy\" decoding=\"async\" width=\"260\" height=\"260\" src=\"https:\/\/www.enertisapplus.com\/wp-content\/uploads\/2025\/01\/EN_Icono-4-2.png\" alt=\"\" class=\"wp-image-8575\" srcset=\"https:\/\/enertisapplus.com\/wp-content\/uploads\/2025\/01\/EN_Icono-4-2.png 260w, https:\/\/enertisapplus.com\/wp-content\/uploads\/2025\/01\/EN_Icono-4-2-150x150.png 150w\" sizes=\"auto, (max-width: 260px) 100vw, 260px\" \/><\/a><\/figure>\n<\/div>\n\n\n<p class=\"has-text-align-center\">Inspectores cualificados en los principales centros industriales a nivel mundial<\/p>\n<\/div>\n<\/div>\n\n\n\n<div class=\"wp-block-group\"><div class=\"wp-block-group__inner-container is-layout-constrained wp-block-group-is-layout-constrained\">\n<ul class=\"wp-block-list\">\n<li><strong>Preparaci\u00f3n\/revisi\u00f3n\/validaci\u00f3n<\/strong> de:\n<ul class=\"wp-block-list\">\n<li>Todo tipo de documentaci\u00f3n de calidad, procedimientos de inspecci\u00f3n y Plan de Inspecci\u00f3n y Pruebas (ITP)<\/li>\n\n\n\n<li>Procedimientos END (certificaciones ISO 9712 40N-III en todas las t\u00e9cnicas de inspecci\u00f3n)<\/li>\n<\/ul>\n<\/li>\n\n\n\n<li><strong>Auditor\u00eda de f\u00e1bricas<\/strong><\/li>\n\n\n\n<li><strong>Evaluaci\u00f3n de proveedores<\/strong><\/li>\n\n\n\n<li><strong>Activaci\u00f3n de pedidos para todos los componentes de plantas e\u00f3licas<\/strong><\/li>\n\n\n\n<li><strong>Inspecci\u00f3n en f\u00e1bricas: <\/strong>torres, g\u00f3ndolas, Ingeniero Internacional de Soldadura (IWE), Inspector Internacional de Soldadura (IWI), NDT, palas, multiplicadora, rodamientos, transformador<\/li>\n\n\n\n<li><strong>Inspecci\u00f3n de recubrimientos<\/strong>, con inspectores NACE o FROSIO: torres, g\u00f3ndolas, palas, multiplicadora, transformador<\/li>\n\n\n\n<li><strong>Supervisi\u00f3n de pruebas FAT:<\/strong> torres, g\u00f3ndolas, palas, multiplicadora, transformadores<\/li>\n\n\n\n<li><strong>Inspecci\u00f3n de carga y descarga, inspecci\u00f3n pre-env\u00edo, gesti\u00f3n de almacenes, log\u00edstica y soporte administrativo<\/strong><\/li>\n\n\n\n<li><strong>Preparaci\u00f3n, revisi\u00f3n o validaci\u00f3n del scand plan, dise\u00f1o del bloque de calibraci\u00f3n<\/strong>\u2013 incluido como parte del contrato con los fabricantes de torres, pilotes y monopiles<\/li>\n\n\n\n<li><strong>Control dimensional digital:<\/strong> escaneo 3D, (tecnolog\u00eda LiDar) \/ equipo de ensayos Leica Total Station<\/li>\n\n\n\n<li><strong>NDT convencional y avanzado<\/strong> con Phase Array Time of Flight Diffraction (PA, ToFD), m\u00e1s de 600 certificados NDT ISO 9712 en todas las t\u00e9cnicas, tambi\u00e9n con tecnolog\u00eda ultra-avanzada IWEX<\/li>\n<\/ul>\n<\/div><\/div>\n<\/div><\/div>\n\n\n\r\n\t<div class=\"bloque bloque-contacto alignfull\">\r\n\r\n\t\t<div class=\"contenedor\">\r\n\r\n\t\t\t\t\t\t\t<h3 style=\"margin-bottom: 40px;\">Cont\u00e1ctanos para m\u00e1s informaci\u00f3n<\/h3>\r\n\t\t\t\r\n\t\t\t<div class=\"bloque-contacto__contenido\">\r\n\r\n\t\t\t\t                    <img decoding=\"async\" src=\"https:\/\/enertisapplus.com\/wp-content\/uploads\/2023\/07\/vicente-parra-garcia.jpg\" loading=\"lazy\" width=\"400\" height=\"400\" \/>\r\n\r\n                \t\t\t\t<div class=\"bloque-contacto__contenido__persona\">\r\n                                            <h4>Vicente Parra Garc\u00eda<\/h4>\r\n                        <p>Head of QAQC and Technology<\/p>\r\n                    \t\t\t\t\t<a href=\"https:\/\/www.enertisapplus.com\/contact\/\" title=\"Vicente Parra Garc\u00eda\">\r\n\t\t\t\t\t\tContacto\t\t\t\t\t<\/a>\r\n\t\t\t\t<\/div><!-- \/ .bloque-contacto__contenido__persona -->\r\n\r\n\t\t\t<\/div><!-- \/ .bloque-contacto__contenido -->\r\n\r\n\t\t<\/div><!-- \/.contenedor -->\r\n\r\n\t<\/div><!-- \/ .bloque-contacto -->\r\n\r\n","protected":false},"excerpt":{"rendered":"<p>AApplus+ ofrece un amplio abanico de servicios de control de calidad durante la fabricaci\u00f3n de componentes clave para parques e\u00f3licos [&hellip;]<\/p>\n","protected":false},"author":5,"featured_media":0,"parent":0,"menu_order":0,"comment_status":"closed","ping_status":"closed","template":"template-services.php","meta":{"_acf_changed":false,"footnotes":""},"class_list":["post-8601","page","type-page","status-publish","hentry"],"acf":[],"_links":{"self":[{"href":"https:\/\/enertisapplus.com\/es\/wp-json\/wp\/v2\/pages\/8601","targetHints":{"allow":["GET"]}}],"collection":[{"href":"https:\/\/enertisapplus.com\/es\/wp-json\/wp\/v2\/pages"}],"about":[{"href":"https:\/\/enertisapplus.com\/es\/wp-json\/wp\/v2\/types\/page"}],"author":[{"embeddable":true,"href":"https:\/\/enertisapplus.com\/es\/wp-json\/wp\/v2\/users\/5"}],"replies":[{"embeddable":true,"href":"https:\/\/enertisapplus.com\/es\/wp-json\/wp\/v2\/comments?post=8601"}],"version-history":[{"count":1,"href":"https:\/\/enertisapplus.com\/es\/wp-json\/wp\/v2\/pages\/8601\/revisions"}],"predecessor-version":[{"id":8613,"href":"https:\/\/enertisapplus.com\/es\/wp-json\/wp\/v2\/pages\/8601\/revisions\/8613"}],"wp:attachment":[{"href":"https:\/\/enertisapplus.com\/es\/wp-json\/wp\/v2\/media?parent=8601"}],"curies":[{"name":"wp","href":"https:\/\/api.w.org\/{rel}","templated":true}]}}