{"id":8986,"date":"2025-05-18T17:21:32","date_gmt":"2025-05-18T15:21:32","guid":{"rendered":"https:\/\/www.enertisapplus.com\/technology-green-hydrogen\/"},"modified":"2025-05-18T17:37:43","modified_gmt":"2025-05-18T15:37:43","slug":"tecnologia-hidrogeno-verde","status":"publish","type":"page","link":"https:\/\/enertisapplus.com\/es\/tecnologia-hidrogeno-verde\/","title":{"rendered":"Hidr\u00f3geno verde"},"content":{"rendered":"\n<h2 class=\"wp-block-heading\">TECNOLOG\u00cdAS<\/h2>\n\n\n\n<h3 class=\"wp-block-heading\">HIDR\u00d3GENO VERDE<\/h3>\n\n\n\n<p>El hidr\u00f3geno verde se posiciona como un pilar clave en la transici\u00f3n hacia un futuro energ\u00e9tico sostenible. Producido mediante electr\u00f3lisis alimentada por fuentes de energ\u00eda renovables como la solar y la e\u00f3lica, el hidr\u00f3geno verde permite almacenar energ\u00eda libre de carbono y utilizarla en m\u00faltiples sectores, como la industria, el transporte y la generaci\u00f3n de electricidad.<\/p>\n\n\n\n<p>A medida que la tecnolog\u00eda y el mercado del hidr\u00f3geno verde siguen evolucionando, resulta crucial evaluar la viabilidad t\u00e9cnica y econ\u00f3mica de los proyectos para garantizar su \u00e9xito a largo plazo.<\/p>\n\n\n\n<p>En Enertis Applus+ ofrecemos an\u00e1lisis de viabilidad t\u00e9cnico-econ\u00f3mica para proyectos de hidr\u00f3geno verde. Mediante la integraci\u00f3n de simulaciones iterativas de escenarios energ\u00e9ticos con modelos financieros exhaustivos, nuestros expertos ayudan a los clientes a identificar la soluci\u00f3n financieramente m\u00e1s viable y optimizada, minimizando los riesgos y maximizando los beneficios en este sector de r\u00e1pido crecimiento.<\/p>\n\n\n\n<div class=\"wp-block-buttons is-layout-flex wp-block-buttons-is-layout-flex\">\n<div class=\"wp-block-button\"><a class=\"wp-block-button__link wp-element-button\" href=\"https:\/\/www.enertisapplus.com\/es\/ingenieria\/\">Descubre m\u00e1s<\/a><\/div>\n<\/div>\n\n\n\n<h2 class=\"wp-block-heading\">\u00daLTIMAS NOTICIAS<\/h2>\n\n\n<div class=\"noticias-destacadas\">\r\n\t\t\t<div class=\"noticia-destacada\">\r\n\t\t\t\t<p class=\"fecha\">03\/2026<\/p>\r\n\t\t\t\t<a href=\"https:\/\/enertisapplus.com\/es\/enertis-applus-proyecto-solar-cider-tax-equity-nueva-york\/\" rel=\"bookmark\">Enertis Applus+ aporta su experiencia t\u00e9cnica para apoyar a Greenbacker en el cierre de un compromiso de tax equity de 440 millones de d\u00f3lares por parte de U.S. Bank y M&amp;T Bank para el proyecto solar Cider en Nueva York<\/a>\t\t\t<\/div>\r\n\t\t\r\n\t\t\t<div class=\"noticia-destacada\">\r\n\t\t\t\t<p class=\"fecha\">11\/2025<\/p>\r\n\t\t\t\t<a href=\"https:\/\/enertisapplus.com\/es\/enertis-applus-lightshift-financiacion-bess\/\" rel=\"bookmark\">Enertis Applus+ act\u00faa como asesor t\u00e9cnico independiente en la financiaci\u00f3n de 75 millones de d\u00f3lares de Lightshift Energy para proyectos de almacenamiento en Estados Unidos<\/a>\t\t\t<\/div>\r\n\t\t\r\n\t\t\t<div class=\"noticia-destacada\">\r\n\t\t\t\t<p class=\"fecha\">09\/2025<\/p>\r\n\t\t\t\t<a href=\"https:\/\/enertisapplus.com\/es\/asesor-tecnico-independiente-bess-chile\/\" rel=\"bookmark\">Enertis Applus+ impulsa el desarrollo de m\u00e1s de 11 GWh de proyectos BESS en Chile con nuevos cierres financieros<\/a>\t\t\t<\/div>\r\n\t\t\r\n\t\t\t<div class=\"noticia-destacada\">\r\n\t\t\t\t<p class=\"fecha\">07\/2025<\/p>\r\n\t\t\t\t<a href=\"https:\/\/enertisapplus.com\/es\/enertis-applus-actua-como-asesor-tecnico-de-recurrent-energy-en-el-cierre-de-la-financiacion-de-un-sistema-bess-de-43-mwh-en-italia\/\" rel=\"bookmark\">Enertis Applus+ act\u00faa como asesor t\u00e9cnico de Recurrent Energy en el cierre de la financiaci\u00f3n de un sistema BESS de 43 MWh en Italia<\/a>\t\t\t<\/div>\r\n\t\t<\/div>","protected":false},"excerpt":{"rendered":"<p>TECNOLOG\u00cdAS HIDR\u00d3GENO VERDE El hidr\u00f3geno verde se posiciona como un pilar clave en la transici\u00f3n hacia un futuro energ\u00e9tico sostenible. [&hellip;]<\/p>\n","protected":false},"author":5,"featured_media":0,"parent":0,"menu_order":0,"comment_status":"closed","ping_status":"closed","template":"template-technologies.php","meta":{"_acf_changed":false,"footnotes":""},"class_list":["post-8986","page","type-page","status-publish","hentry"],"acf":[],"_links":{"self":[{"href":"https:\/\/enertisapplus.com\/es\/wp-json\/wp\/v2\/pages\/8986","targetHints":{"allow":["GET"]}}],"collection":[{"href":"https:\/\/enertisapplus.com\/es\/wp-json\/wp\/v2\/pages"}],"about":[{"href":"https:\/\/enertisapplus.com\/es\/wp-json\/wp\/v2\/types\/page"}],"author":[{"embeddable":true,"href":"https:\/\/enertisapplus.com\/es\/wp-json\/wp\/v2\/users\/5"}],"replies":[{"embeddable":true,"href":"https:\/\/enertisapplus.com\/es\/wp-json\/wp\/v2\/comments?post=8986"}],"version-history":[{"count":1,"href":"https:\/\/enertisapplus.com\/es\/wp-json\/wp\/v2\/pages\/8986\/revisions"}],"predecessor-version":[{"id":8988,"href":"https:\/\/enertisapplus.com\/es\/wp-json\/wp\/v2\/pages\/8986\/revisions\/8988"}],"wp:attachment":[{"href":"https:\/\/enertisapplus.com\/es\/wp-json\/wp\/v2\/media?parent=8986"}],"curies":[{"name":"wp","href":"https:\/\/api.w.org\/{rel}","templated":true}]}}